{"id":231,"date":"2022-06-02T10:03:55","date_gmt":"2022-06-02T08:03:55","guid":{"rendered":"https:\/\/imarketsb.com\/revision-y-experiencias-de-la-aplicacion-leovegas\/"},"modified":"2022-09-19T09:09:33","modified_gmt":"2022-09-19T07:09:33","slug":"aplicacion","status":"publish","type":"page","link":"https:\/\/imarketsb.com\/es\/aplicacion\/","title":{"rendered":"Revisi\u00f3n y experiencias de la aplicaci\u00f3n LeoVegas"},"content":{"rendered":"\n<h2>Aplicaci\u00f3n LeoVegas para todos los dispositivos<\/h2>\n\n\n<div class=\"wp-block-image\">\n<figure class=\"aligncenter size-large is-resized\"><img loading=\"lazy\" src=\"http:\/\/imarketsb.com\/wp-content\/uploads\/2022\/08\/leo-vegas-app-1-1024x682.jpg\" alt=\"app\" class=\"wp-image-635\" width=\"768\" height=\"512\" srcset=\"https:\/\/imarketsb.com\/wp-content\/uploads\/2022\/08\/leo-vegas-app-1-1024x682.jpg 1024w, https:\/\/imarketsb.com\/wp-content\/uploads\/2022\/08\/leo-vegas-app-1-300x200.jpg 300w, https:\/\/imarketsb.com\/wp-content\/uploads\/2022\/08\/leo-vegas-app-1-768x512.jpg 768w, https:\/\/imarketsb.com\/wp-content\/uploads\/2022\/08\/leo-vegas-app-1.jpg 1280w\" sizes=\"(max-width: 768px) 100vw, 768px\" \/><figcaption>LeoVegas App para tus dispositivos &#8211; m\u00f3vil iPhone o Android<\/figcaption><\/figure><\/div>\n\n\n<p><a href=\"https:\/\/imarketsb.com\/es\/\">LeoVegas<\/a> es uno de esos casinos en l\u00ednea que no necesita demasiadas demostraciones. La aplicaci\u00f3n LeoVegas, que se anuncia a s\u00ed misma como la reina de los casinos m\u00f3viles, ya ha demostrado su val\u00eda en numerosas ocasiones, arrasando con las mesas de premios en la gala de premios de la industria gracias a su contenido m\u00f3vil de alta calidad.<\/p>\n\n\n\n<p>Lanzado en 2012, el sitio estaba destinado a ser el primer casino m\u00f3vil del mundo centrado \u00fanicamente en los juegos m\u00f3viles. Este mantra todav\u00eda funciona, aunque con el tiempo la gama de miles de juegos tambi\u00e9n se ha enriquecido con apuestas al m\u00e1s alto nivel, y todos tambi\u00e9n est\u00e1n disponibles en dispositivos m\u00f3viles.<\/p>\n\n\n\n<p>LeoVegas ha ganado varios premios de la industria a lo largo de su carrera, incluidos Mejor sitio web m\u00f3vil del a\u00f1o y Mejor operador de casino del a\u00f1o. La aplicaci\u00f3n est\u00e1 disponible para usuarios de iOS y Android, pero la versi\u00f3n de navegador m\u00f3vil del sitio tambi\u00e9n es excelente. En general, el dise\u00f1o del sitio es elegante pero optimizado, lo que facilita hacer negocios en dispositivos m\u00f3viles.<\/p>\n\n\n\n<p>La selecci\u00f3n de m\u00e1s de 2.500 juegos diferentes es \u00fanica. Adem\u00e1s de tragamonedas, jackpot y juegos de mesa, LeoVegas Live Casino ofrece m\u00e1s de cientos de opciones. Compilados por docenas de editores de juegos, se garantiza que estos ser\u00e1n los juegos exclusivos del sitio y la serie de juegos en vivo Chambre S\u00e9par\u00e9e exclusivamente para los clientes de LeoVegas.<\/p>\n\n\n\n<p>La gama de ofertas tambi\u00e9n es amplia. <a href=\"https:\/\/imarketsb.com\/es\/bonos-y-promociones\/\">La bonificaci\u00f3n<\/a> se recibe justo despu\u00e9s del registro con un paquete de bienvenida en el que se a\u00f1aden hasta 1000 \u20ac de dinero ficticio al primer dep\u00f3sito y el jugador obtiene 200 giros gratis en Book of Dead. Otras promociones incluyen bonos de dep\u00f3sito semanales para Casino, Live Casino y Sportsbook, as\u00ed como varios torneos donde el premio es en efectivo.<\/p>\n\n\n\n<h2>A trav\u00e9s de la aplicaci\u00f3n LeoVegas: casino en movimiento siempre en su mano<\/h2>\n\n\n<div class=\"wp-block-image\">\n<figure class=\"aligncenter size-large is-resized\"><img loading=\"lazy\" src=\"http:\/\/imarketsb.com\/wp-content\/uploads\/2022\/08\/leovegas-app-4-1024x682.jpg\" alt=\"leovegas app\" class=\"wp-image-640\" width=\"768\" height=\"512\" srcset=\"https:\/\/imarketsb.com\/wp-content\/uploads\/2022\/08\/leovegas-app-4-1024x682.jpg 1024w, https:\/\/imarketsb.com\/wp-content\/uploads\/2022\/08\/leovegas-app-4-300x200.jpg 300w, https:\/\/imarketsb.com\/wp-content\/uploads\/2022\/08\/leovegas-app-4-768x512.jpg 768w, https:\/\/imarketsb.com\/wp-content\/uploads\/2022\/08\/leovegas-app-4.jpg 1280w\" sizes=\"(max-width: 768px) 100vw, 768px\" \/><figcaption>La experiencia de juego de la aplicaci\u00f3n web est\u00e1 disponible a trav\u00e9s de una versi\u00f3n de escritorio y en una tableta<\/figcaption><\/figure><\/div>\n\n\n<p>Las rese\u00f1as de la aplicaci\u00f3n del casino y sus p\u00e1ginas son muy interesantes, por eso tambi\u00e9n hacemos una calificaci\u00f3n. Si tiene acceso al casino con su direcci\u00f3n de correo electr\u00f3nico, puede disfrutar de la oferta en su iPhone o Android.<\/p>\n\n\n\n<p>Actualmente, la aplicaci\u00f3n LeoVegas, dirigida exclusivamente a usuarios de iOS y Android, est\u00e1 a la vanguardia de las aplicaciones de juegos modernas. Eso significa que puede encontrar y descargar la aplicaci\u00f3n Leovegas a trav\u00e9s de la App Store. \u00a1La aplicaci\u00f3n para Android tambi\u00e9n est\u00e1 disponible! Por ejemplo, un cliente puede iniciar sesi\u00f3n con una identificaci\u00f3n solo t\u00e1ctil, lo que simplifica enormemente las transacciones. A trav\u00e9s de la aplicaci\u00f3n tambi\u00e9n es posible clasificar y buscar f\u00e1cilmente los juegos. Adem\u00e1s, el cliente recibe, por ejemplo, informaci\u00f3n tabular sobre las \u00faltimas rondas de juegos en vivo.<\/p>\n\n\n\n<h3>\u00bfC\u00f3mo utilizar la aplicaci\u00f3n m\u00f3vil?<\/h3>\n\n\n\n<p>La aplicaci\u00f3n m\u00f3vil permite que LeoVegas supere el arsenal de sus competidores. Muchos clientes prefieren LeoVegas debido a los men\u00fas claros y las transacciones generales sencillas. Las transferencias de dinero r\u00e1pidas y el casino m\u00f3vil m\u00e1s grande de Europa son otras ventajas que hacen que valga la pena descargar la aplicaci\u00f3n. Adem\u00e1s, los juegos se pueden jugar en una vista multijugador, donde un jugador puede tener dos juegos abiertos en una pantalla al mismo tiempo.<\/p>\n\n\n\n<p>Para los apostadores, las aplicaciones son excelentes formas de mantenerse al d\u00eda con los eventos de apuestas en vivo, por ejemplo, y apostar con las mejores cuotas en cualquier lugar. Al personalizar la configuraci\u00f3n de la aplicaci\u00f3n, el cliente puede ser el primero en recibir informaci\u00f3n sobre art\u00edculos abiertos o eventos de coincidencias importantes.<\/p>\n\n\n\n<p>La aplicaci\u00f3n y su funcionalidad est\u00e1n disponibles en dispositivos Apple y tambi\u00e9n en tabletas. De hecho, en comparaci\u00f3n con la versi\u00f3n de escritorio, probablemente no encuentres ninguna diferencia.<\/p>\n\n\n\n<h2>Selecci\u00f3n de juegos m\u00f3viles de LeoVegas Casino en la aplicaci\u00f3n de un vistazo<\/h2>\n\n\n<div class=\"wp-block-image\">\n<figure class=\"aligncenter size-full\"><img loading=\"lazy\" width=\"931\" height=\"502\" src=\"http:\/\/imarketsb.com\/wp-content\/uploads\/2022\/09\/slots-4.png\" alt=\"slots\" class=\"wp-image-921\" srcset=\"https:\/\/imarketsb.com\/wp-content\/uploads\/2022\/09\/slots-4.png 931w, https:\/\/imarketsb.com\/wp-content\/uploads\/2022\/09\/slots-4-300x162.png 300w, https:\/\/imarketsb.com\/wp-content\/uploads\/2022\/09\/slots-4-768x414.png 768w\" sizes=\"(max-width: 931px) 100vw, 931px\" \/><figcaption>Tragamonedas: \u00a1juega ahora! oferta de sitio web<\/figcaption><\/figure><\/div>\n\n\n<p>La selecci\u00f3n de juegos de la aplicaci\u00f3n LeoVegas consta de m\u00e1s de 2.700 juegos de casino divididos en un casino y un casino en vivo. Los editores de juegos m\u00e1s populares incluyen NetEnt, Red Tiger, Microgaming, Evolution Gaming y Thunderkick. Por ejemplo, los juegos se pueden clasificar seg\u00fan los juegos m\u00e1s nuevos y populares, as\u00ed como los juegos de tragamonedas, jackpot y de mesa.<\/p>\n\n\n\n<p>Adem\u00e1s, en la aplicaci\u00f3n LeoVegas puedes probar a jugar lo que se siente al jugar casi una docena de juegos completamente exclusivos, incluida la tragamonedas LeoVegas Megaways. Sin embargo, el rey de los juegos exclusivos se puede encontrar en el casino en vivo, donde en la secci\u00f3n Chambre S\u00e9par\u00e9e hay m\u00e1s de 10 mesas de juego disponibles solo para clientes de LeoVegas.<\/p>\n\n\n\n<p>Los juegos de mesa incluyen la ruleta, el blackjack, el p\u00f3quer, el baccarat, as\u00ed como juegos de entretenimiento como Mega Ball y Monopoly Live. Los juegos en vivo tambi\u00e9n se incluyen en HD a trav\u00e9s de la aplicaci\u00f3n m\u00f3vil dondequiera que se mueva el cliente, siempre que tenga una conexi\u00f3n a Internet que funcione.<\/p>\n\n\n\n<h2>Leovegas Casino Bonos y Promociones M\u00f3vil en la Aplicaci\u00f3n<\/h2>\n\n\n<div class=\"wp-block-image\">\n<figure class=\"aligncenter size-full\"><img loading=\"lazy\" width=\"495\" height=\"699\" src=\"http:\/\/imarketsb.com\/wp-content\/uploads\/2022\/08\/leovegas-login-1.png\" alt=\"login\" class=\"wp-image-651\" srcset=\"https:\/\/imarketsb.com\/wp-content\/uploads\/2022\/08\/leovegas-login-1.png 495w, https:\/\/imarketsb.com\/wp-content\/uploads\/2022\/08\/leovegas-login-1-212x300.png 212w\" sizes=\"(max-width: 495px) 100vw, 495px\" \/><figcaption>Bono de bienvenida y giros gratis sin dep\u00f3sito &#8211; Descarga de la aplicaci\u00f3n Leovegas<\/figcaption><\/figure><\/div>\n\n\n<p>LeoVegas ofrece a los nuevos clientes un interesante bono de bienvenida de casino en l\u00ednea que difiere de muchos otros casinos. LeoVegas promete dar la misma bonificaci\u00f3n hasta 1000 \u20ac adem\u00e1s del primer dep\u00f3sito, pero la cantidad depende del tama\u00f1o del dep\u00f3sito, por lo que solo aquellos que depositen 1000 \u20ac obtendr\u00e1n una bonificaci\u00f3n de 1000 \u20ac. Tambi\u00e9n obtienes 200 giros gratis en LeoVegas si depositas m\u00e1s de 25 euros.<\/p>\n\n\n\n<p>Los otros montos de bonificaci\u00f3n son los siguientes: un dep\u00f3sito de 10 a 49 EUR activa una bonificaci\u00f3n en efectivo de 10 EUR, los dep\u00f3sitos de 50 a 99 EUR reciben 50 EUR y los dep\u00f3sitos de 100 a 499 EUR activan una bonificaci\u00f3n en efectivo de 100 EUR. Sus condiciones tambi\u00e9n son interesantes. El jugador primero debe apostar el monto del bono 30 veces en los juegos de casino antes de que se acredite un bono en la cuenta. Para los bonos de casino en vivo, el requisito de apuesta es de 40 veces. El bono funciona de inmediato a trav\u00e9s de la aplicaci\u00f3n y est\u00e1 disponible para todos los jugadores. Puede leer los detalles en el sitio web, donde se presenta toda la informaci\u00f3n.<\/p>\n\n\n\n<p>Por ejemplo, si recibe un bono de 10 \u20ac, debe apostar 300 \u20ac en dinero real antes de que el bono se abone en su cuenta. Sin embargo, el bono en efectivo activado en s\u00ed no tiene que canjearse al final. Los apostadores tambi\u00e9n recibir\u00e1n una enorme apuesta gratuita del 100 % hasta un valor m\u00e1ximo de 100 \u20ac como agradecimiento por registrarse.<\/p>\n\n\n\n<p>Cuando se trata de deportes, tambi\u00e9n hay una bonificaci\u00f3n en el sitio web y a trav\u00e9s de la aplicaci\u00f3n. Otras promociones y ofertas incluyen varios concursos y torneos, promociones de happy hour y bonos y rondas en efectivo de fin de semana. Aquellos que gastan mucho pueden unirse al programa de fidelizaci\u00f3n LeoVegas Vip Experience.<\/p>\n\n\n\n<p>A veces, los casinos ofrecen bonos como giros gratis sin dep\u00f3sito a sus visitantes. Desafortunadamente, no hay ning\u00fan bono exclusivo de descarga de aplicaciones disponible para los lectores en estos d\u00edas, pero todas las dem\u00e1s ofertas se pueden encontrar de inmediato en su cuenta. Los t\u00e9rminos y condiciones y las condiciones de bonificaci\u00f3n tambi\u00e9n est\u00e1n all\u00ed.<\/p>\n\n\n\n<h2>Dep\u00f3sitos y retiros m\u00f3viles de LeoVegas Casino<\/h2>\n\n\n\n<p>Los m\u00e9todos de pago aprobados por LeoVegas son: Mastercard, Visa, Skrill, Neteller, Paysafecard y Zimpler. Adem\u00e1s, es posible la transferencia bancaria directa desde bancos alemanes. Tantas opciones de pago est\u00e1n disponibles.<\/p>\n\n\n\n<p>El monto m\u00ednimo de dep\u00f3sito es de 10 EUR y el monto de retiro correspondiente es de 20 EUR. El jugador tambi\u00e9n debe confirmar sus datos personales antes de poder transferir fondos de la cuenta del casino a su propio m\u00e9todo de pago. Tres retiros mensuales son gratuitos, despu\u00e9s de lo cual se cobra una tarifa de procesamiento de 3 \u20ac. Los dep\u00f3sitos, por otro lado, son siempre gratuitos, tambi\u00e9n a trav\u00e9s de la aplicaci\u00f3n web y la aplicaci\u00f3n de Android.<\/p>\n\n\n\n<h2>Soporte m\u00f3vil de Leovegas Casino<\/h2>\n\n\n\n<p>La atenci\u00f3n al cliente de LeoVegas est\u00e1 disponible en alem\u00e1n a trav\u00e9s de chat en vivo y correo electr\u00f3nico en su iPhone y otros dispositivos como Android. El bot\u00f3n de atenci\u00f3n al cliente al costado de la p\u00e1gina lo lleva primero a las preguntas frecuentes de LeoVegas y le permite escribir una pregunta ponderada en la barra de b\u00fasqueda, seguida de una lista de preguntas y respuestas coincidentes.<\/p>\n\n\n\n<p>Si no se encuentra una respuesta, el jugador puede chatear con el representante de servicio al cliente. Todas las preguntas tambi\u00e9n se pueden encontrar directamente en el Centro de ayuda de LeoVegas, donde est\u00e1n agrupadas por tema. Todo el contenido del sitio tambi\u00e9n est\u00e1 escrito en buen alem\u00e1n. <\/p>\n\n\n\n<h2>Seguridad y Licencia del Casino Leovegas<\/h2>\n\n\n\n<p>El sitio, que ha estado en la industria durante casi una d\u00e9cada y ha ganado numerosos premios, cuenta su propia historia sobre la confiabilidad, popularidad y seguridad del sitio. Todo el casino est\u00e1 protegido con un certificado SSL y est\u00e1 regulado por dos autoridades de juego acreditadas: Malta y Suecia.<\/p>\n\n\n\n<p>La licencia maltesa se aplica a Alemania y Austria, por lo que las ganancias repatriadas est\u00e1n libres de impuestos de acuerdo con los est\u00e1ndares alemanes. Sin embargo, el sitio ha tenido en cuenta la seguridad en todo, desde las transferencias de dinero hasta la informaci\u00f3n de la cuenta. Tus datos est\u00e1n totalmente protegidos.<\/p>\n\n\n\n<h2>Resumen de la aplicaci\u00f3n m\u00f3vil Leo Vegas Casino<\/h2>\n\n\n<div class=\"wp-block-image\">\n<figure class=\"aligncenter size-large is-resized\"><img loading=\"lazy\" src=\"http:\/\/imarketsb.com\/wp-content\/uploads\/2022\/08\/leovegas-applikation-2-1024x682.jpg\" alt=\"\" class=\"wp-image-646\" width=\"768\" height=\"512\" srcset=\"https:\/\/imarketsb.com\/wp-content\/uploads\/2022\/08\/leovegas-applikation-2-1024x682.jpg 1024w, https:\/\/imarketsb.com\/wp-content\/uploads\/2022\/08\/leovegas-applikation-2-300x200.jpg 300w, https:\/\/imarketsb.com\/wp-content\/uploads\/2022\/08\/leovegas-applikation-2-768x512.jpg 768w, https:\/\/imarketsb.com\/wp-content\/uploads\/2022\/08\/leovegas-applikation-2.jpg 1280w\" sizes=\"(max-width: 768px) 100vw, 768px\" \/><figcaption>Juegos en la tableta<\/figcaption><\/figure><\/div>\n\n\n<p>La compa\u00f1\u00eda LeoVegas, el rey de los juegos m\u00f3viles, fue el primer casino en creer en el r\u00e1pido crecimiento de los juegos m\u00f3viles y fue casi pionera en el mundo de los juegos cuando se lanz\u00f3 en 2012.<\/p>\n\n\n\n<p>Con m\u00e1s de 2700 juegos de casino para elegir en cada tema y una secci\u00f3n de apuestas de calidad, aseguran un \u00e9xito continuo, especialmente porque todos se pueden jugar en la aplicaci\u00f3n m\u00f3vil galardonada. Incluye algunas caracter\u00edsticas especiales que no est\u00e1n disponibles en las computadoras, como B. Autenticaci\u00f3n Touch ID y una pantalla de juego multijugador donde un jugador puede jugar dos juegos al mismo tiempo. La descarga no es necesaria, en cualquier dispositivo, tableta Apple, tel\u00e9fono inteligente, por ejemplo, puede encontrar cualquier t\u00edtulo de juegos de apuestas.<\/p>\n\n\n\n<p>Las promociones de LeoVegas est\u00e1n garantizadas para ser interesantes. En particular, la \u00abobligaci\u00f3n de pre-reciclaje\u00bb incluida en el bono en efectivo, que recibe en relaci\u00f3n con la oferta de bienvenida, es insuperable. Sin embargo, no lucha en el marco de una campa\u00f1a bien considerada, adem\u00e1s hay muchas campa\u00f1as disponibles para clientes ya registrados.<\/p>\n\n\n\n<p>Registrarse en LeoVegas y descargar la aplicaci\u00f3n m\u00f3vil son cosas que puede hacer con confianza. La seguridad, las transferencias de dinero y la funcionalidad del sitio est\u00e1n al m\u00e1s alto nivel en la industria, lo que beneficiar\u00e1 m\u00e1s al jugador a largo plazo. \u00a1La descarga no es necesaria!<\/p>\n","protected":false},"excerpt":{"rendered":"<p>Aplicaci\u00f3n LeoVegas para todos los dispositivos LeoVegas App para tus dispositivos &#8211; m\u00f3vil iPhone o Android LeoVegas es uno de esos casinos en l\u00ednea que no necesita demasiadas demostraciones. La aplicaci\u00f3n LeoVegas, que se anuncia a s\u00ed misma como la reina de los casinos m\u00f3viles, ya ha demostrado su val\u00eda en numerosas ocasiones, arrasando con &hellip;<\/p>\n","protected":false},"author":1,"featured_media":0,"parent":0,"menu_order":0,"comment_status":"closed","ping_status":"closed","template":"","meta":[],"acf":[],"amp_enabled":true,"_links":{"self":[{"href":"https:\/\/imarketsb.com\/es\/wp-json\/wp\/v2\/pages\/231"}],"collection":[{"href":"https:\/\/imarketsb.com\/es\/wp-json\/wp\/v2\/pages"}],"about":[{"href":"https:\/\/imarketsb.com\/es\/wp-json\/wp\/v2\/types\/page"}],"author":[{"embeddable":true,"href":"https:\/\/imarketsb.com\/es\/wp-json\/wp\/v2\/users\/1"}],"replies":[{"embeddable":true,"href":"https:\/\/imarketsb.com\/es\/wp-json\/wp\/v2\/comments?post=231"}],"version-history":[{"count":12,"href":"https:\/\/imarketsb.com\/es\/wp-json\/wp\/v2\/pages\/231\/revisions"}],"predecessor-version":[{"id":994,"href":"https:\/\/imarketsb.com\/es\/wp-json\/wp\/v2\/pages\/231\/revisions\/994"}],"wp:attachment":[{"href":"https:\/\/imarketsb.com\/es\/wp-json\/wp\/v2\/media?parent=231"}],"curies":[{"name":"wp","href":"https:\/\/api.w.org\/{rel}","templated":true}]}}