{"id":267,"date":"2022-06-08T10:40:04","date_gmt":"2022-06-08T08:40:04","guid":{"rendered":"https:\/\/imarketsb.com\/pago-de-leo-vegas\/"},"modified":"2022-09-07T12:32:15","modified_gmt":"2022-09-07T10:32:15","slug":"pagos","status":"publish","type":"page","link":"https:\/\/imarketsb.com\/es\/pagos\/","title":{"rendered":"Pago de Leo Vegas"},"content":{"rendered":"\n<h2>Leo Vegas Casino y sus pagos r\u00e1pidos<\/h2>\n\n\n<div class=\"wp-block-image\">\n<figure class=\"aligncenter size-full is-resized\"><img loading=\"lazy\" src=\"http:\/\/imarketsb.com\/wp-content\/uploads\/2022\/08\/leovegas-bonus-2.png\" alt=\"website\" class=\"wp-image-663\" width=\"704\" height=\"483\" srcset=\"https:\/\/imarketsb.com\/wp-content\/uploads\/2022\/08\/leovegas-bonus-2.png 939w, https:\/\/imarketsb.com\/wp-content\/uploads\/2022\/08\/leovegas-bonus-2-300x206.png 300w, https:\/\/imarketsb.com\/wp-content\/uploads\/2022\/08\/leovegas-bonus-2-768x527.png 768w, https:\/\/imarketsb.com\/wp-content\/uploads\/2022\/08\/leovegas-bonus-2-220x150.png 220w\" sizes=\"(max-width: 704px) 100vw, 704px\" \/><figcaption>El sitio web de LeoVegas<\/figcaption><\/figure><\/div>\n\n\n<p>Los jugadores de Espa\u00f1a y Europa conocen a <a href=\"https:\/\/imarketsb.com\/es\/\">Leo Vegas<\/a> como un gran casino y casa de apuestas muy confiable, seg\u00fan las rese\u00f1as. La compa\u00f1\u00eda ofrece a los nuevos clientes un buen bono por registro y primer dep\u00f3sito. El bono de bienvenida es de 1000 euros y 200 giros gratis, \u00a1lo que ayuda a que cada cliente gane! Con este bono y primer dep\u00f3sito comienza la aventura en LeoVegas Casino, donde podr\u00e1s disfrutar de la enorme oferta de juegos de azar. En este art\u00edculo, nos gustar\u00eda compartir informaci\u00f3n detallada sobre el pago y la banca en l\u00ednea en LeoVegas.<\/p>\n\n\n\n<h2>Descripci\u00f3n general de los m\u00e9todos de pago y el tiempo de pago<\/h2>\n\n\n\n<p>Arriba mencionamos que estudiamos experiencias con casinos Leo Vegas en el extranjero. Cuando los nuevos casinos obtienen una licencia, los m\u00e9todos de pago y el tiempo de retiro son el punto importante que debemos verificar. Tambi\u00e9n verificamos el servicio al cliente y les decimos \u00ab\u00bfqu\u00e9 dicen otros usuarios sobre LeoVegas Casino\u00bb? Por supuesto, algo que debe comprobar al realizar un dep\u00f3sito es tambi\u00e9n la selecci\u00f3n de ofertas: bonos, giros gratis y juegos de azar de la casa de apuestas, pero escribimos sobre eso en otras p\u00e1ginas de nuestro sitio web.<\/p>\n\n\n\n<h3>Verificaci\u00f3n de la cuenta relacionada con el pago<\/h3>\n\n\n<div class=\"wp-block-image\">\n<figure class=\"aligncenter size-full\"><img loading=\"lazy\" width=\"931\" height=\"502\" src=\"http:\/\/imarketsb.com\/wp-content\/uploads\/2022\/09\/slots-5.png\" alt=\"slots\" class=\"wp-image-928\" srcset=\"https:\/\/imarketsb.com\/wp-content\/uploads\/2022\/09\/slots-5.png 931w, https:\/\/imarketsb.com\/wp-content\/uploads\/2022\/09\/slots-5-300x162.png 300w, https:\/\/imarketsb.com\/wp-content\/uploads\/2022\/09\/slots-5-768x414.png 768w\" sizes=\"(max-width: 931px) 100vw, 931px\" \/><figcaption>Juegos disponibles en Casino Leo Vegas<\/figcaption><\/figure><\/div>\n\n\n<p>Muchos clientes espa\u00f1oles de LeoVegas tienen dificultades para recibir el pago de su dinero de vez en cuando. Una mirada a Trustpilot revela esto. Esto sucede en el caso de que no hayas verificado tu cuenta correctamente desde el principio. O que no has le\u00eddo las condiciones &#8211; eso tambi\u00e9n puede ser un grupo de pelo largo. Aqu\u00ed hay algunos consejos:<\/p>\n\n\n\n<p>Si necesita retirar su dinero en LeoVegas, especialmente sumas grandes, se le pedir\u00e1 que se verifique como persona. Esto se debe a la legislaci\u00f3n y la lucha contra el lavado de dinero. As\u00ed que no son los propios procedimientos del casino. Por lo tanto, es una buena idea aclarar estas cosas antes de hacer su primer retiro. Por ejemplo, cuando crea su cuenta de LeoVegas. Comience por verificar su cuenta y enviar los documentos solicitados. Puede ser una identificaci\u00f3n, un comprobante de domicilio o una prueba de que usted es el propietario de la cuenta utilizada.<\/p>\n\n\n\n<p>Mi propia experiencia personal con los pagos de LeoVegas nunca ha planteado un solo problema. Envi\u00e9 una foto de mi pasaporte, capturas de pantalla de la cuenta de PayPal con el correo electr\u00f3nico visible y una copia de un recibo de alquiler antiguo. 3 a\u00f1os despu\u00e9s, he realizado m\u00e1s de 20 retiros de LeoVegas sin un solo problema.<\/p>\n\n\n\n<h2>\u00bfQu\u00e9 m\u00e9todo de pago es el mejor en Leo Vegas? &#8211; Pago de Leo Vegas<\/h2>\n\n\n\n<p>Es una pregunta un tanto individual y depende principalmente de sus propias necesidades. Si est\u00e1 haciendo grandes dep\u00f3sitos y retiros, probablemente deber\u00eda verificar la tarifa. Aqu\u00ed, por ejemplo, eWallets, Visa o Mastercard pueden ser claramente preferibles.<\/p>\n\n\n\n<p>Si desea separar sus juegos de casino de su cuenta personal, las billeteras electr\u00f3nicas tambi\u00e9n pueden ser preferibles. He conocido a muchos en la industria que se benefician de los juegos de azar por cantidades mensuales fijas o grandes. Las personas que han hecho del casino en l\u00ednea una forma de vida a menudo se refieren a \u00e9l como una cuenta corporativa, separada de la cuenta personal.<\/p>\n\n\n\n<h2>Tambi\u00e9n puedes pagar al proveedor de la forma cl\u00e1sica con Visa y Mastercard<\/h2>\n\n\n\n<p>LeoVegas, al igual que otros casinos en l\u00ednea de buena reputaci\u00f3n, ofrece m\u00faltiples m\u00e9todos de pago. Debe tener en cuenta la tarifa involucrada. Por lo general, es entre el 2 y el 3 % de la transacci\u00f3n y tambi\u00e9n se puede vincular a sus retiros del casino. Algunos casinos tambi\u00e9n ofrecen Visa Electron como opci\u00f3n de pago, pero no todos. Tambi\u00e9n dir\u00eda que si encuentra un casino que no ofrece Visa y Mastercard como m\u00e9todo de pago, probablemente deber\u00eda tener cuidado. No lo tomar\u00eda como una se\u00f1al de seguridad. Pero, por supuesto, no es asunto de LeoVegas, aqu\u00ed se ofrecen todos los m\u00e9todos de pago profesionales.<\/p>\n\n\n\n<p><em>En el casino en l\u00ednea Leo Vegas puede pagar utilizando los siguientes m\u00e9todos:<\/em><\/p>\n\n\n\n<ul><li>Tarjetas Mastercard y Visa;<\/li><li>Transferencia bancaria;<\/li><li>Neteller, Skrill y Klarna;<\/li><li>Paysafecard.<\/li><\/ul>\n\n\n<div class=\"wp-block-image\">\n<figure class=\"aligncenter size-full\"><img loading=\"lazy\" width=\"536\" height=\"63\" src=\"http:\/\/imarketsb.com\/wp-content\/uploads\/2022\/06\/leovegas-auszahlung.png\" alt=\"Pago de Leo Vegas - \u00bfQu\u00e9 hay disponible?\" class=\"wp-image-220\" srcset=\"https:\/\/imarketsb.com\/wp-content\/uploads\/2022\/06\/leovegas-auszahlung.png 536w, https:\/\/imarketsb.com\/wp-content\/uploads\/2022\/06\/leovegas-auszahlung-300x35.png 300w\" sizes=\"(max-width: 536px) 100vw, 536px\" \/><figcaption>Pago de Leo Vegas &#8211; \u00bfQu\u00e9 hay disponible?<\/figcaption><\/figure><\/div>\n\n\n<p>Los anteriores son los m\u00e9todos de pago m\u00e1s comunes para los retiros de Leo Vegas. Creo que deber\u00eda haber muchas opciones disponibles; de lo contrario, dudar\u00eda en crear un usuario. En LeoVegas puedes retirar tu dinero con la opci\u00f3n m\u00e1s segura.<\/p>\n\n\n\n<h3>Giros gratis para el primer dep\u00f3sito<\/h3>\n\n\n\n<p>Como dec\u00eda, por la primera cantidad obtienes un bono en LeoVegas. Independientemente del m\u00e9todo de pago que utilices para realizar la transferencia, recibir\u00e1s 1000 euros y 200 giros gratis por las cuatro primeras cantidades. El proveedor de apuestas tambi\u00e9n ofrece regalos para apuestas deportivas. \u00a1Eso es 2 veces hasta 100 euros de aumento de ganancias! El bono de apuestas deportivas lo ayuda con apuestas lucrativas y este bono tambi\u00e9n se puede cobrar despu\u00e9s de la facturaci\u00f3n.<\/p>\n\n\n\n<h2><strong>Duraci\u00f3n de los pagos<\/strong><\/h2>\n\n\n\n<p><a href=\"https:\/\/imarketsb.com\/es\/\">LeoVegas<\/a> quiere garantizar el pago m\u00e1s r\u00e1pido. Puede tomar hasta cinco d\u00edas desde el momento en que solicita un retiro para ver sus ganancias en su cuenta bancaria. La duraci\u00f3n var\u00eda seg\u00fan el m\u00e9todo de pago.<\/p>\n\n\n\n<p>Despu\u00e9s de solicitar su retiro de Leo Vegas y el estado ha cambiado, el monto permanecer\u00e1 visible en la p\u00e1gina de retiro hasta que el proveedor lo transfiera. Esto tambi\u00e9n puede llevar alg\u00fan tiempo porque depende de diferentes procesos. A veces tambi\u00e9n de su estado de verificaci\u00f3n.<\/p>\n\n\n\n<h3>Retirar ganancias de giros gratis y bonos<\/h3>\n\n\n\n<p>El retiro del bono es un poco m\u00e1s dif\u00edcil. Si gana con los giros gratis o con un bono, debe apostar al menos 35 veces antes de que el bono pueda retirarse como dinero real. Si no implementa los t\u00e9rminos antes de un retiro, perder\u00e1 las ganancias. Lea los T&amp;C y los T\u00e9rminos de bonificaci\u00f3n antes de jugar, aqu\u00ed es donde se comienza el juego responsable.<\/p>\n\n\n\n<h3>\u00bfC\u00f3mo funciona realmente el pago?<\/h3>\n\n\n\n<p>El proveedor de apuestas LeoVegas ha hecho que pagar sea muy simple para sus clientes. Si tiene fondos en la cuenta del juego y no tiene un bono activo (cualquier bono debe apostarse antes de la transferencia), puede hacer clic en \u00abRetirar\u00bb. La opci\u00f3n de pago seleccionada debe ser la misma que eligi\u00f3 para el \u00faltimo dep\u00f3sito.<\/p>\n\n\n\n<h2>Licencia, Seguridad y Tratamiento de Datos<\/h2>\n\n\n\n<ul><li>\u00bfHa obtenido el casino una licencia europea? S\u00ed, Leo Vegas tiene licencia MGA. La licencia tiene el n\u00famero MGA\/CRP\/237\/2013 publicado el 1. agosto 2018 <\/li><li>\u00bfC\u00f3mo protege el casino sus datos? Cifrado SSL<\/li><li>\u00bfCumplen con los requisitos y reglas de pago y con los requisitos y reglas de facturaci\u00f3n? S\u00ed, por supuesto, en el sitio web oficial encontrar\u00e1 requisitos detallados de apuestas del casino.<\/li><li>\u00bfCu\u00e1les son sus experiencias con el proveedor de juegos de azar en otros pa\u00edses? Las experiencias son positivas en todo el mundo.<\/li><\/ul>\n\n\n\n<p>La seguridad, transparencia y comunicaci\u00f3n de los casinos es un elemento crucial. Los requisitos de bonificaci\u00f3n no solo deben cumplir con la legislaci\u00f3n vigente, sino que tambi\u00e9n debe quedar claro qu\u00e9 implica el requisito: l\u00edmite de tiempo, varias restricciones por m\u00e1quinas tragamonedas o casino en vivo, y similares. De ah\u00ed la claridad de esta informaci\u00f3n para el usuario.<\/p>\n\n\n\n<p>\u00a1La seguridad del casino en l\u00ednea LeoVegas es el primer paso en el camino! El juego responsable tambi\u00e9n es muy importante.<\/p>\n\n\n\n<h2>Inicie sesi\u00f3n r\u00e1pidamente con su direcci\u00f3n de correo electr\u00f3nico<\/h2>\n\n\n<div class=\"wp-block-image\">\n<figure class=\"aligncenter size-full\"><img loading=\"lazy\" width=\"495\" height=\"699\" src=\"http:\/\/imarketsb.com\/wp-content\/uploads\/2022\/08\/leovegas-login-2.png\" alt=\"log in\" class=\"wp-image-678\" srcset=\"https:\/\/imarketsb.com\/wp-content\/uploads\/2022\/08\/leovegas-login-2.png 495w, https:\/\/imarketsb.com\/wp-content\/uploads\/2022\/08\/leovegas-login-2-212x300.png 212w\" sizes=\"(max-width: 495px) 100vw, 495px\" \/><figcaption>Contenido del casino despu\u00e9s de iniciar sesi\u00f3n<\/figcaption><\/figure><\/div>\n\n\n<p>Para realizar dep\u00f3sitos y retiros, debe crear una cuenta. Los clientes encontrar\u00e1n los botones en la p\u00e1gina que definitivamente recordar\u00e1n: registrarse e iniciar sesi\u00f3n. Ya sabes cu\u00e1l te conviene: si a\u00fan no tienes una cuenta en el sitio, debes registrarte. Si ya se ha registrado, todo lo que debe hacer: iniciar sesi\u00f3n, todos los bonos, juegos y opciones de retiro est\u00e1n disponibles para usted de inmediato sin excepciones.<\/p>\n\n\n\n<h3>Verificaci\u00f3n para un retiro r\u00e1pido de Leo Vegas<\/h3>\n\n\n\n<p>Cuando realiza el primer dep\u00f3sito, no necesita verificar los datos. Para un pago exitoso, Casino LeoVegas solicita verificaci\u00f3n. Aqu\u00ed se necesita un esfuerzo extra, pero esto garantiza el retiro exitoso y la corta duraci\u00f3n del mismo. Para este tr\u00e1mite solo necesitas un documento que pueda acreditar tu personalidad. Esto puede ser tarjeta de identificaci\u00f3n, pasaporte, licencia de conducir. Las instrucciones e informaci\u00f3n exactas pueden brindarle apoyo. Sube todos los documentos y puede continuar apostando o haciendo apuestas en el \u00e1rea de apuestas deportivas.<\/p>\n\n\n\n<h2>Pago en la aplicaci\u00f3n<\/h2>\n\n\n<div class=\"wp-block-image\">\n<figure class=\"aligncenter size-large is-resized\"><img loading=\"lazy\" src=\"http:\/\/imarketsb.com\/wp-content\/uploads\/2022\/08\/leo-vegas-app-2-1024x682.jpg\" alt=\"app\" class=\"wp-image-683\" width=\"768\" height=\"512\" srcset=\"https:\/\/imarketsb.com\/wp-content\/uploads\/2022\/08\/leo-vegas-app-2-1024x682.jpg 1024w, https:\/\/imarketsb.com\/wp-content\/uploads\/2022\/08\/leo-vegas-app-2-300x200.jpg 300w, https:\/\/imarketsb.com\/wp-content\/uploads\/2022\/08\/leo-vegas-app-2-768x512.jpg 768w, https:\/\/imarketsb.com\/wp-content\/uploads\/2022\/08\/leo-vegas-app-2.jpg 1280w\" sizes=\"(max-width: 768px) 100vw, 768px\" \/><figcaption>Pago a trav\u00e9s de la aplicaci\u00f3n: nada dif\u00edcil<\/figcaption><\/figure><\/div>\n\n\n<p>El pago a trav\u00e9s del tel\u00e9fono m\u00f3vil funciona tan f\u00e1cilmente como todas las dem\u00e1s funciones a las que puede acceder a trav\u00e9s de la aplicaci\u00f3n m\u00f3vil de LeoVegas. Afortunadamente, el proveedor ha optimizado muy bien su sitio web para todos los dispositivos.<\/p>\n\n\n\n<p>En LeoVegas tambi\u00e9n puedes realizar dep\u00f3sitos directamente desde tu tel\u00e9fono m\u00f3vil. LeoVegas tambi\u00e9n ofrece pagos instant\u00e1neos, por ejemplo. Esto significa que puedes depositar dinero sin salir de tus tragamonedas desde tu m\u00f3vil. Esta es una ventaja significativa para los jugadores que prefieren jugar sus tragamonedas favoritas en los casinos m\u00f3viles.<\/p>\n\n\n\n<h2>Atenci\u00f3n al cliente y ayuda con dep\u00f3sitos y retiros<\/h2>\n\n\n\n<p>Cuando tienes preguntas, necesitas una respuesta detallada, \u00bfno? Es por eso que necesita una buena atenci\u00f3n al cliente que pueda manejar cualquier consulta sobre cualquier tema y responder en detalle. Por esta raz\u00f3n, el proveedor de apuestas LeoVegas ofrece un chat en vivo donde siempre puede hacer preguntas.<\/p>\n\n\n\n<h3>Problemas de pago<\/h3>\n\n\n\n<p>La mayor\u00eda de las veces, cuando tiene problemas con el retiro, no es culpa de la casa de apuestas, sino de alg\u00fan error tipogr\u00e1fico o falta de verificaci\u00f3n de identidad. Despu\u00e9s de la transferencia, verifique su historial y haga un extracto bancario si es necesario.<\/p>\n\n\n\n<h2>Conclusi\u00f3n<\/h2>\n\n\n\n<p>Entonces, para resumir en este art\u00edculo, se puede decir que no hay muchos m\u00e9todos de pago en LeoVegas, pero definitivamente son suficientes. El sitio web acepta las opciones de pago m\u00e1s conocidas, as\u00ed como transacciones con tarjeta de cr\u00e9dito, Klarna, transferencia bancaria y Paysafecard. La gente suele preguntar por PayPal, que es un m\u00e9todo de pago muy conocido, pero actualmente Leo Vegas no ofrece retiros ni dep\u00f3sitos. Si deposita a trav\u00e9s de un tel\u00e9fono inteligente, se ve igual. La situaci\u00f3n es similar para pagar con un tel\u00e9fono inteligente, aqu\u00ed tambi\u00e9n puede pagar el monto utilizando los mismos servicios de pago.<\/p>\n\n\n\n<p>La cuesti\u00f3n de la seguridad no surge, ya que Leovegas en particular tiene una licencia MGA y protege los datos con la ayuda de un certificado SSL de 20148 bits. \u00a1Est\u00e1n sucediendo muchas cosas en el mercado de los casinos y las apuestas deportivas en estos d\u00edas para hablar sobre la seguridad de los jugadores y LeoVegas hace todo tipo de cosas!<\/p>\n\n\n\n<p>\u00a1As\u00ed que adelante, haga un dep\u00f3sito, obtenga un bono y comience a jugar!<\/p>\n","protected":false},"excerpt":{"rendered":"<p>Leo Vegas Casino y sus pagos r\u00e1pidos El sitio web de LeoVegas Los jugadores de Espa\u00f1a y Europa conocen a Leo Vegas como un gran casino y casa de apuestas muy confiable, seg\u00fan las rese\u00f1as. La compa\u00f1\u00eda ofrece a los nuevos clientes un buen bono por registro y primer dep\u00f3sito. El bono de bienvenida es &hellip;<\/p>\n","protected":false},"author":1,"featured_media":0,"parent":0,"menu_order":0,"comment_status":"closed","ping_status":"closed","template":"","meta":[],"acf":[],"amp_enabled":true,"_links":{"self":[{"href":"https:\/\/imarketsb.com\/es\/wp-json\/wp\/v2\/pages\/267"}],"collection":[{"href":"https:\/\/imarketsb.com\/es\/wp-json\/wp\/v2\/pages"}],"about":[{"href":"https:\/\/imarketsb.com\/es\/wp-json\/wp\/v2\/types\/page"}],"author":[{"embeddable":true,"href":"https:\/\/imarketsb.com\/es\/wp-json\/wp\/v2\/users\/1"}],"replies":[{"embeddable":true,"href":"https:\/\/imarketsb.com\/es\/wp-json\/wp\/v2\/comments?post=267"}],"version-history":[{"count":11,"href":"https:\/\/imarketsb.com\/es\/wp-json\/wp\/v2\/pages\/267\/revisions"}],"predecessor-version":[{"id":953,"href":"https:\/\/imarketsb.com\/es\/wp-json\/wp\/v2\/pages\/267\/revisions\/953"}],"wp:attachment":[{"href":"https:\/\/imarketsb.com\/es\/wp-json\/wp\/v2\/media?parent=267"}],"curies":[{"name":"wp","href":"https:\/\/api.w.org\/{rel}","templated":true}]}}