{"id":290,"date":"2022-06-02T10:02:05","date_gmt":"2022-06-02T08:02:05","guid":{"rendered":"https:\/\/imarketsb.com\/bonos-y-promociones-de-leovegas-en-leovegas-casino-experiencias\/"},"modified":"2022-09-07T12:35:12","modified_gmt":"2022-09-07T10:35:12","slug":"bonos-y-promociones","status":"publish","type":"page","link":"https:\/\/imarketsb.com\/es\/bonos-y-promociones\/","title":{"rendered":"Bonos y promociones de LeoVegas en LeoVegas Casino &#8211; Experiencias"},"content":{"rendered":"\n<h2>Bonificaci\u00f3n para nuevos clientes y clientes actuales en mayo de 2022<\/h2>\n\n\n<div class=\"wp-block-image\">\n<figure class=\"aligncenter size-full is-resized\"><img loading=\"lazy\" src=\"http:\/\/imarketsb.com\/wp-content\/uploads\/2022\/08\/leovegas-bonus-1.png\" alt=\"startsite\" class=\"wp-image-617\" width=\"704\" height=\"483\" srcset=\"https:\/\/imarketsb.com\/wp-content\/uploads\/2022\/08\/leovegas-bonus-1.png 939w, https:\/\/imarketsb.com\/wp-content\/uploads\/2022\/08\/leovegas-bonus-1-300x206.png 300w, https:\/\/imarketsb.com\/wp-content\/uploads\/2022\/08\/leovegas-bonus-1-768x527.png 768w, https:\/\/imarketsb.com\/wp-content\/uploads\/2022\/08\/leovegas-bonus-1-220x150.png 220w\" sizes=\"(max-width: 704px) 100vw, 704px\" \/><figcaption>Bono LeoVegas por Dep\u00f3sito Mayo 2022<\/figcaption><\/figure><\/div>\n\n\n<p>LeoVegas es un conocido proveedor que ofrece alrededor de 1800 m\u00e1quinas tragamonedas en su casino en l\u00ednea. El cliente puede encontrar en oferta una serie de los mejores juegos de proveedores conocidos como NetEnt. Pero eso no es todo. \u00a1Se presentan varias ofertas de bonificaci\u00f3n para que las reclame! Mire la tabla de contenido, pero tambi\u00e9n recomendamos leer este art\u00edculo para obtener la informaci\u00f3n m\u00e1s importante sobre el bono y el c\u00f3digo de bono.<\/p>\n\n\n\n<p>El proveedor de apuestas LeoVegas Casino y apuestas deportivas tiene un amplio programa de bonos. El cliente est\u00e1 particularmente complacido de que en el paquete de bienvenida pueda recibir un bono para juegos de casino, para juegos de casino en vivo y para apuestas deportivas. Nos gustar\u00eda hablar en detalle sobre el programa y los bonos en este art\u00edculo.<\/p>\n\n\n\n<h2>\u00bfQu\u00e9 son las ofertas de casino en l\u00ednea y c\u00f3mo se benefician los jugadores de ellas?<\/h2>\n\n\n\n<p>En esta p\u00e1gina revisamos las ofertas de LeoVegas y le contamos sus beneficios.<\/p>\n\n\n\n<p>Con el aumento en la cantidad de casinos en l\u00ednea en estos d\u00edas, las ofertas y promociones son cada vez m\u00e1s innovadoras. Y la mejor parte es que a menudo tambi\u00e9n tienen las ventajas adecuadas para los jugadores, como en Leo Vegas Casino .<\/p>\n\n\n\n<p>Por ejemplo, las ofertas en LeoVegas pueden ser semanales recurrentes, como giros gratis en un d\u00eda espec\u00edfico, estacionales, como promociones de Halloween, as\u00ed como promociones navide\u00f1as u otras explosiones individuales.<\/p>\n\n\n\n<h2>Bono de dep\u00f3sito &#8211; Bonos de Leo Vegas<\/h2>\n\n\n\n<p>Los bonos de dep\u00f3sito son una de las formas m\u00e1s comunes de promoci\u00f3n que ofrece LeoVegas. Los bonos a menudo se otorgan inmediatamente en el primer dep\u00f3sito. Esto tambi\u00e9n se conoce como bono de bienvenida. El m\u00e1s com\u00fan de estos bonos de bienvenida es un bono del 100% hasta una cierta cantidad. <\/p>\n\n\n\n<p>El dep\u00f3sito m\u00ednimo para recibir el bono LeoVegas suele ser de 20 \u20ac. <\/p>\n\n\n\n<h3><strong>\u00bfC\u00f3mo es en LeoVegas Casino? Como bono de bienvenida puedes recibir 3 bonos:<\/strong><\/h3>\n\n\n<div class=\"wp-block-image\">\n<figure class=\"aligncenter size-full\"><img loading=\"lazy\" width=\"554\" height=\"246\" src=\"http:\/\/imarketsb.com\/wp-content\/uploads\/2022\/05\/leo-vegas-bonuses.png\" alt=\"Bono de LeoVegas por depositar en Alemania\" class=\"wp-image-172\" srcset=\"https:\/\/imarketsb.com\/wp-content\/uploads\/2022\/05\/leo-vegas-bonuses.png 554w, https:\/\/imarketsb.com\/wp-content\/uploads\/2022\/05\/leo-vegas-bonuses-300x133.png 300w\" sizes=\"(max-width: 554px) 100vw, 554px\" \/><figcaption>Bono de LeoVegas por depositar en Alemania<\/figcaption><\/figure><\/div>\n\n\n<ol><li>El casino tiene un bono de bienvenida: \u00a1son 4 bonos de dep\u00f3sito + 200 giros gratis! No se requiere c\u00f3digo de bonificaci\u00f3n aqu\u00ed.<\/li><li>Oferta de bono de casino en vivo. Estos son 3 paquetes de bonificaci\u00f3n de LeoVegas con un valor total de 250 \u20ac. De hecho, puede obtener un bono de hasta 500 euros en el \u00e1rea de casino en vivo si asegura los tres paquetes en el casino. <\/li><li>Bono de apuestas deportivas LeoVegas. \u00a12x 50% de bonificaci\u00f3n como oferta para nuevos clientes! \u00a1Las apuestas deportivas de Leo Vegas le ofrecen un aumento de ganancias de hasta \u20ac 100 dos veces! <\/li><\/ol>\n\n\n\n<p>Los bonos de dep\u00f3sito en LeoVegas siempre vienen con requisitos de canje. Esto significa que el monto de la bonificaci\u00f3n que recibe requiere una facturaci\u00f3n. La oferta para nuevos clientes en LeoVegas requiere una apuesta m\u00ednima de 20 veces el dinero real antes de canjear y pagar el monto ofrecido.<\/p>\n\n\n\n<p>Por ejemplo, si realiza un dep\u00f3sito m\u00ednimo de 20 \u20ac y recibe un bono de 20 \u20ac cuando el requisito de apuesta es de 20 \u20ac, debe apostar un total de 400 \u20ac en los juegos antes de poder retirar el dinero ganado con los bonos. <\/p>\n\n\n\n<p>Estos requisitos de apuesta estar\u00e1n acompa\u00f1ados de m\u00e1s restricciones de tiempo. Por lo general, deben completarse dentro de los siete d\u00edas o un mes. Recuerde siempre leer los t\u00e9rminos y condiciones del bono antes de realizar un dep\u00f3sito. En Leovegas tienes 14 d\u00edas para apostar.<\/p>\n\n\n\n<p>A veces, la obligaci\u00f3n de reembolso tambi\u00e9n puede aplicarse a la cantidad depositada. En este ejemplo, esto significar\u00eda que tendr\u00edas que apostar un dep\u00f3sito de 20 \u20ac y un bono de 20 \u20ac 20 veces cada uno, para una apuesta total de 800 \u20ac.<\/p>\n\n\n\n<h2>\u00bfQu\u00e9 son los giros gratis? Tiradas gratis de LeoVegas<\/h2>\n\n\n\n<p>Los giros gratis son una parte integral de la bienvenida y otras promociones que ofrecen los casinos en l\u00ednea. Hay muchas formas de obtener giros gratis en Leo Vegas, incluso en la propia tragamonedas.<\/p>\n\n\n\n<p>Los giros gratis se pueden canjear sin dep\u00f3sito, como bonificaci\u00f3n despu\u00e9s del dep\u00f3sito, al jugar en m\u00e1quinas tragamonedas y como premio en varios sorteos, torneos y torneos. LeoVegas actualmente ofrece giros gratis a sus jugadores todos los d\u00edas. <\/p>\n\n\n\n<p><strong>Con el bono de nuevo cliente de LeoVegas, recibe 200 giros gratis<\/strong> en las tragamonedas Book of Dead, John Hunter and the Tomb of the Scarab Queen, Fire Joker y Wolf Gold. La parte de giros gratis de los paquetes solo se aplica a dep\u00f3sitos de al menos 25 \u20ac. Despu\u00e9s de un dep\u00f3sito m\u00ednimo exitoso, los giros gratis se acreditan directamente al juego respectivo y deben usarse dentro de los 3 d\u00edas. Los giros gratis tambi\u00e9n est\u00e1n sujetos a todos los requisitos de apuesta. Lea los t\u00e9rminos y condiciones.<\/p>\n\n\n\n<h3>Giros gratis como un bono popular<\/h3>\n\n\n\n<p>Estos giros gratis son la segunda oferta m\u00e1s popular despu\u00e9s de los bonos de dep\u00f3sito, y probablemente la m\u00e1s popular entre los jugadores de LeoVegas.<\/p>\n\n\n\n<p>Los giros gratis, como su nombre indica, son giros gratis en m\u00e1quinas tragamonedas. Tambi\u00e9n se distribuyen en un bono de bienvenida m\u00faltiple. Por ejemplo, el casino en l\u00ednea LeoVegas ofrece hasta 200 giros gratis en su bono de nuevo cliente LeoVegas.<\/p>\n\n\n\n<p>Si hay un requisito de apuesta en las ganancias de giros gratis, esto se calcula de la misma manera que una apuesta de bonificaci\u00f3n de dep\u00f3sito, pero en funci\u00f3n de las ganancias que ha obtenido de sus giros gratis. <\/p>\n\n\n\n<p>Por ejemplo, si gana 10 \u20ac y el requisito de apuesta es de 20 \u20ac, debe apostar un total de 200 \u20ac antes de poder retirar las ganancias de la bonificaci\u00f3n. Por supuesto, esto no significa que debas perder estos 200 euros, pero juegas con esta cantidad. \u00a1Tambi\u00e9n puede obtener ganancias adicionales en este sitio!<\/p>\n\n\n\n<h2>Bono de bienvenida: una forma de casino en l\u00ednea de dar la bienvenida<\/h2>\n\n\n\n<p>El casino actualiza sus beneficios de bienvenida con una alimentaci\u00f3n constante, ya que la competencia entre ellos es feroz y actualmente se est\u00e1n repartiendo miles de euros en fondos de bonificaci\u00f3n.<\/p>\n\n\n\n<p>La cantidad de giros gratis tambi\u00e9n var\u00eda de un casino a otro, pero en muchos casos a los jugadores se les prometen rondas de decenas a cientos de carriles.<\/p>\n\n\n\n<p>Los proveedores en l\u00ednea brindan a sus jugadores una amplia gama de bonos de bienvenida. En muchos casos, dicho bono consiste en bonos de dep\u00f3sito y, en algunas situaciones, giros gratis, como en LeoVegas.<\/p>\n\n\n\n<p>Algunos casinos quieren empaquetar correctamente el saldo de bonificaci\u00f3n y ofrecer a los jugadores algo adicional adem\u00e1s de bonificaciones y giros para que los nuevos clientes creen una mejor primera imagen.<\/p>\n\n\n\n<p>El bono de bienvenida es la principal ventaja de Leovegas ya que le da al jugador una cierta imagen del casino. Con esta ventaja, los casinos se esfuerzan por permitir relaciones duraderas con los clientes. El proveedor en l\u00ednea de Leovegas hace esto muy bien, ya que aqu\u00ed obtiene bonos para todos los gustos. \u00bfTe gustan los juegos de casino? \u00bfCasino en vivo? \u00bfapuestas Deportivas? Elija el bono adecuado para usted.<\/p>\n\n\n\n<h3>Bono para nuevos clientes en el casino.<\/h3>\n\n\n<div class=\"wp-block-image\">\n<figure class=\"aligncenter size-full\"><img loading=\"lazy\" width=\"557\" height=\"252\" src=\"http:\/\/imarketsb.com\/wp-content\/uploads\/2022\/05\/leo-vegas-bonus-code.png\" alt=\"Bono de dep\u00f3sito de LeoVegas para clientes reci\u00e9n registrados\" class=\"wp-image-176\" srcset=\"https:\/\/imarketsb.com\/wp-content\/uploads\/2022\/05\/leo-vegas-bonus-code.png 557w, https:\/\/imarketsb.com\/wp-content\/uploads\/2022\/05\/leo-vegas-bonus-code-300x136.png 300w\" sizes=\"(max-width: 557px) 100vw, 557px\" \/><figcaption>Bono de dep\u00f3sito de LeoVegas para clientes reci\u00e9n registrados<\/figcaption><\/figure><\/div>\n\n\n<p>\u00bfQu\u00e9 obtienes como oferta de bienvenida en Leovegas?<\/p>\n\n\n\n<ul><li>Estos son bonos de 4 dep\u00f3sitos, es decir, cr\u00e9ditos de bonificaci\u00f3n para los primeros 4 dep\u00f3sitos<\/li><li>Hasta 1.000 \u20ac (bono en dinero real)<\/li><li>200 tiradas gratis adicionales de LeoVegas ( <strong>a partir de un dep\u00f3sito m\u00ednimo de 25 \u20ac<\/strong> )<\/li><li>Obtienes giros gratis en las tragamonedas <strong>Book of Dead<\/strong> , <strong>John Hunter and the Tomb of the Scarab Queen<\/strong> , <strong>Fire Joker<\/strong> y <strong>Wolf Gold<\/strong><\/li><\/ul>\n\n\n\n<p>Puede leer los requisitos de apuesta detallados en el sitio web, pero lo m\u00e1s importante es aprender c\u00f3mo se suceden los primeros dep\u00f3sitos uno tras otro:<\/p>\n\n\n\n<p>1) Dep\u00f3sito de hasta 250 \u20ac + 50 giros gratis en Book of Dead.<\/p>\n\n\n\n<p>2) Dep\u00f3sito de hasta 250 \u20ac + 50 giros gratis para John Hunter.<\/p>\n\n\n\n<p>3) Hasta 250 \u20ac + 50 giros gratis en Fire Joker.<\/p>\n\n\n\n<p>4) Hasta 250 \u20ac + 50 giros gratis en Wolf Gold.<\/p>\n\n\n\n<p>Descubre cu\u00e1nto puedes conseguir con ejemplos en la secci\u00f3n de ofertas.<\/p>\n\n\n\n<h3>Bono para nuevos clientes en el casino en vivo<\/h3>\n\n\n<div class=\"wp-block-image\">\n<figure class=\"aligncenter size-full\"><img loading=\"lazy\" width=\"554\" height=\"249\" src=\"http:\/\/imarketsb.com\/wp-content\/uploads\/2022\/08\/live-bonus.png\" alt=\"live bonus\" class=\"wp-image-697\" srcset=\"https:\/\/imarketsb.com\/wp-content\/uploads\/2022\/08\/live-bonus.png 554w, https:\/\/imarketsb.com\/wp-content\/uploads\/2022\/08\/live-bonus-300x135.png 300w\" sizes=\"(max-width: 554px) 100vw, 554px\" \/><figcaption>No se requiere el c\u00f3digo de bonificaci\u00f3n de LeoVegas<\/figcaption><\/figure><\/div>\n\n\n<p>\u00a1Hasta 500 euros para tus juegos con crupier en vivo como bonificaci\u00f3n de LeoVegas! Los clientes pueden retirar el bono como dinero real tan pronto como se haya apostado el monto del bono.<\/p>\n\n\n\n<p>Este es un bono de 3 paquetes de 500 euros extra. Los 3 paquetes de oferta siguen uno tras otro y deben desbloquearse. El primer bono &#8211; 100 euros, el segundo &#8211; 150 y el tercero &#8211; 250 euros.<\/p>\n\n\n\n<p>Aqu\u00ed el requisito de apuesta es demasiado: 75x.<\/p>\n\n\n\n<p>Esta nueva oferta para clientes no est\u00e1 disponible para dep\u00f3sitos a trav\u00e9s de Skrill y Neteller.<\/p>\n\n\n\n<h3>Bono para nuevos clientes en apuestas deportivas<\/h3>\n\n\n<div class=\"wp-block-image\">\n<figure class=\"aligncenter size-full\"><img loading=\"lazy\" width=\"555\" height=\"245\" src=\"http:\/\/imarketsb.com\/wp-content\/uploads\/2022\/05\/leovegas-bonus-code.png\" alt=\"Bono LeoVegas para apuestas deportivas y apuestas en vivo\" class=\"wp-image-184\" srcset=\"https:\/\/imarketsb.com\/wp-content\/uploads\/2022\/05\/leovegas-bonus-code.png 555w, https:\/\/imarketsb.com\/wp-content\/uploads\/2022\/05\/leovegas-bonus-code-300x132.png 300w\" sizes=\"(max-width: 555px) 100vw, 555px\" \/><figcaption>Bono LeoVegas para apuestas deportivas y apuestas en vivo<\/figcaption><\/figure><\/div>\n\n\n<p>El proveedor de apuestas LeoVegas ofrece un aumento de ganancias del 2&#215;50 % hasta 100 euros como bonificaci\u00f3n para nuevos clientes en el departamento de deportes. \u00a1As\u00ed que puede obtener hasta 100 \u20ac de bonificaci\u00f3n de ganancias dos veces! Puedes elegir el deporte t\u00fa mismo: f\u00fatbol, tenis, baloncesto, hockey sobre hielo, voleibol, balonmano, f\u00fatbol americano, dardos, deportes electr\u00f3nicos, boxeo, deportes de motor, pol\u00edtica, rugby, UFC\/MMA, deportes de invierno: LeoVegas tiene todo lo que necesitas . El dep\u00f3sito m\u00ednimo para este bono es de 10 euros. Las condiciones generales se pueden leer en la p\u00e1gina de bonos del proveedor.<\/p>\n\n\n\n<h2>Ofertas para grandes ganancias<\/h2>\n\n\n\n<p>Las promociones se refieren a todas las promociones ofrecidas por los casinos en l\u00ednea despu\u00e9s de este bono de bienvenida.<\/p>\n\n\n\n<p>Las ofertas pueden ser de temporada o regulares. Los jugadores pueden beneficiarse de esto en forma de giros gratis, bonos de dep\u00f3sito o efectivo, por ejemplo.<\/p>\n\n\n\n<p>Las promociones regulares se refieren a las promociones que el casino ofrece a sus jugadores, por ejemplo, repetidas cada semana. Las ofertas de temporada, por otro lado, se enfocan en un per\u00edodo de tiempo espec\u00edfico. Los d\u00edas festivos como Navidad o Semana Santa son buenos momentos para encontrar ofertas especiales. En este caso, casi todos los casinos ofrecen a sus jugadores mejores ventajas que ning\u00fan otro.<\/p>\n\n\n\n<h3>Giros gratis de fin de semana<\/h3>\n\n\n\n<p>Esta es una bonificaci\u00f3n por el d\u00e9cimo aniversario de LeoVegas. Cada fin de semana tienes la opci\u00f3n de obtener 30 giros gratis adicionales. La cantidad que deposita determina el valor de los giros gratis que recibe. El dep\u00f3sito m\u00ednimo debe ser de 30 euros. Luego, debe implementar la cantidad una vez, inmediatamente despu\u00e9s obtendr\u00e1 giros gratis para LeoVegas Cluster Gems, Iron Bank y Book of Destiny.<\/p>\n\n\n\n<h3>Ruleta LeoVegas Bono &#8211; Black Friday<\/h3>\n\n\n\n<p>Todos los viernes puedes desbloquear fichas gratis en LeoVegas. No es muy f\u00e1cil, pero si lees los t\u00e9rminos cuidadosamente, puedes hacerlo f\u00e1cilmente. La oferta est\u00e1 disponible en LeoVegas Live Roulette, Exclusive Live Roulette y Leo Roulette Show de los juegos Evolution.<\/p>\n\n\n\n<p>Los clientes pueden obtener fichas gratis si juegan cualquiera de los juegos mencionados durante la promoci\u00f3n y ganan 5 veces con negro. Tan pronto como gane 5 veces con negro, recibir\u00e1 5 \u20ac en fichas gratis. Debes jugar al menos 5 \u20ac en el proveedor para participar en la promoci\u00f3n.<\/p>\n\n\n\n<p>Puede encontrar m\u00e1s promociones del programa de bonificaci\u00f3n en el sitio web oficial. \u00a1No te pierdas ninguna oferta! Hay muchos de ellos.<\/p>\n\n\n\n<h3>Programa vip<\/h3>\n\n\n<div class=\"wp-block-image\">\n<figure class=\"aligncenter size-full\"><img loading=\"lazy\" width=\"558\" height=\"252\" src=\"http:\/\/imarketsb.com\/wp-content\/uploads\/2022\/05\/leovegas-bonuscode.png\" alt=\"Bonificaci\u00f3n por dep\u00f3sito en cada nivel del programa VIP para clientes existentes\" class=\"wp-image-188\" srcset=\"https:\/\/imarketsb.com\/wp-content\/uploads\/2022\/05\/leovegas-bonuscode.png 558w, https:\/\/imarketsb.com\/wp-content\/uploads\/2022\/05\/leovegas-bonuscode-300x135.png 300w\" sizes=\"(max-width: 558px) 100vw, 558px\" \/><figcaption>Bonificaci\u00f3n por dep\u00f3sito en cada nivel del programa VIP para clientes existentes<\/figcaption><\/figure><\/div>\n\n\n<p>LeoVegas VIP es un programa para proponer aventuras especiales, diversi\u00f3n y entretenimiento a los clientes existentes: como VIP, obtiene un administrador de servicio personal y buenas promociones. Cada nivel del programa VIP alberga regalos.<\/p>\n\n\n\n<p>Siempre puedes comprobar tu nivel VIP. Cada apuesta y juego con dinero real te da puntos en el Club VIP, que puedes ver inmediatamente en el perfil. <\/p>\n\n\n\n<p>La participaci\u00f3n comienza con el registro.<\/p>\n\n\n\n<h3>\u00bfNo quieres un bono? No te preocupes, eso tambi\u00e9n es posible.<\/h3>\n\n\n\n<p>En algunas situaciones, la soluci\u00f3n m\u00e1s sensata es no canjear el bono. El uso del bono no es obligatorio.<\/p>\n\n\n\n<p>Tales situaciones son, por ejemplo, donde los requisitos de reciclaje para el beneficio son altos (50 veces o m\u00e1s). Pero ese no es nuestro caso.<\/p>\n\n\n\n<p>En estas situaciones, la soluci\u00f3n m\u00e1s sensata es no canjear el bono y simplemente jugar con el dinero depositado. De esta manera, puede quedarse con las ganancias que obtenga. Cada vez m\u00e1s casinos ofrecen bonos gratis. Esto significa que recibe todas las ganancias de bonificaci\u00f3n al instante. Sin embargo, estos pueden incluir un pago m\u00e1ximo.<\/p>\n\n\n\n<h3>\u00bfPor qu\u00e9 los casinos ofrecen bonos sin dep\u00f3sito?<\/h3>\n\n\n<div class=\"wp-block-image\">\n<figure class=\"aligncenter size-full\"><img loading=\"lazy\" width=\"552\" height=\"243\" src=\"http:\/\/imarketsb.com\/wp-content\/uploads\/2022\/05\/leo-vegas-casino-bonus.png\" alt=\"Bono Mayo 2022 en LeoVegas. Meta - Grandes victorias\" class=\"wp-image-192\" srcset=\"https:\/\/imarketsb.com\/wp-content\/uploads\/2022\/05\/leo-vegas-casino-bonus.png 552w, https:\/\/imarketsb.com\/wp-content\/uploads\/2022\/05\/leo-vegas-casino-bonus-300x132.png 300w\" sizes=\"(max-width: 552px) 100vw, 552px\" \/><figcaption>Bono Mayo 2022 en LeoVegas. Meta &#8211; Grandes victorias<\/figcaption><\/figure><\/div>\n\n\n<p>Hay varias razones por las que los bonos sin dep\u00f3sito est\u00e1n disponibles y se ofrecen. Por lo general, los casinos quieren ofrecer la oportunidad de probar la funcionalidad del sitio y sus juegos de forma gratuita. <\/p>\n\n\n\n<p>Al hacerlo, tambi\u00e9n se esfuerzan por mantener a los jugadores comprometidos para que puedan seguir regresando. A veces hay dinero ficticio disponible para ocasiones especiales como Navidad y Semana Santa. <\/p>\n\n\n\n<p>Tampoco es raro que un casino sorprenda a los jugadores en su propio cumplea\u00f1os ofreciendo una experiencia de juego gratuita en honor a la festividad. El bono de casino gratuito es una de las mejores opciones para ofrecer la oportunidad de probar la selecci\u00f3n de juegos y la funcionalidad del casino sin que el jugador tenga que invertir dinero.<\/p>\n\n\n\n<h2>\u00bfHas elegido tu bono? C\u00f3mo abrir una cuenta de juego en LeoVegas<\/h2>\n\n\n\n<ol><li>Verifique los requisitos de LeoVegas Casino, tales como: B. el l\u00edmite de edad y el funcionamiento del casino en Austria o Alemania. Tambi\u00e9n es importante verificar qu\u00e9 licencia de pa\u00eds se puede encontrar en el casino.<\/li><li>Consulte el proceso de registro del casino en l\u00ednea. El registro en LeoCasino es gratuito y r\u00e1pido. No necesita un c\u00f3digo de bono de LeoVegas para reclamar un bono de primer dep\u00f3sito.<\/li><li>Reg\u00edstrese usted mismo.<\/li><li>Aprovecha el bono de bienvenida.<\/li><li>Enviar informaci\u00f3n de contacto. Para verificar su cuenta de juego, debe proporcionar al casino ciertos documentos despu\u00e9s del registro. Este proceso es mejor conocido como el proceso KYC o Know Your Customer. El casino requiere documentos para evitar el robo de identidad y otros tipos de acoso.<\/li><li>Compruebe si se le ha enviado un correo electr\u00f3nico o SMS de confirmaci\u00f3n.<\/li><li>Despu\u00e9s de verificar su cuenta, elija su m\u00e9todo de dep\u00f3sito preferido y realice un dep\u00f3sito. <\/li><li>Elige tu bono de bienvenida en LeoVegas Bonus.<\/li><li>Elige una m\u00e1quina tragamonedas y comienza a jugar.<\/li><\/ol>\n\n\n\n<h2>Conclusi\u00f3n sobre el bono de LeoVegas<\/h2>\n\n\n\n<p>La bonificaci\u00f3n LeoVegas est\u00e1 disponible para todos los clientes. \u00a1Puede elegir varios bonos en el programa de bonos en Alemania y Austria! Pero nunca lo olvide: los juegos de azar pueden ser adictivos, puede encontrar ayuda de organizaciones relevantes. Juegue responsablemente en LeoVegas Casino y haga cada dep\u00f3sito consciente. Esto te ayudar\u00e1 a encontrar la mejor manera de jugar con el saldo de bonificaci\u00f3n.<\/p>\n\n\n\n<p>En nuestro art\u00edculo hemos recopilado la informaci\u00f3n m\u00e1s importante, se pueden encontrar m\u00e1s condiciones del proveedor en el sitio web oficial de LeoVegas.<\/p>\n","protected":false},"excerpt":{"rendered":"<p>Bonificaci\u00f3n para nuevos clientes y clientes actuales en mayo de 2022 Bono LeoVegas por Dep\u00f3sito Mayo 2022 LeoVegas es un conocido proveedor que ofrece alrededor de 1800 m\u00e1quinas tragamonedas en su casino en l\u00ednea. El cliente puede encontrar en oferta una serie de los mejores juegos de proveedores conocidos como NetEnt. Pero eso no es &hellip;<\/p>\n","protected":false},"author":1,"featured_media":0,"parent":0,"menu_order":0,"comment_status":"closed","ping_status":"closed","template":"","meta":[],"acf":[],"amp_enabled":true,"_links":{"self":[{"href":"https:\/\/imarketsb.com\/es\/wp-json\/wp\/v2\/pages\/290"}],"collection":[{"href":"https:\/\/imarketsb.com\/es\/wp-json\/wp\/v2\/pages"}],"about":[{"href":"https:\/\/imarketsb.com\/es\/wp-json\/wp\/v2\/types\/page"}],"author":[{"embeddable":true,"href":"https:\/\/imarketsb.com\/es\/wp-json\/wp\/v2\/users\/1"}],"replies":[{"embeddable":true,"href":"https:\/\/imarketsb.com\/es\/wp-json\/wp\/v2\/comments?post=290"}],"version-history":[{"count":11,"href":"https:\/\/imarketsb.com\/es\/wp-json\/wp\/v2\/pages\/290\/revisions"}],"predecessor-version":[{"id":954,"href":"https:\/\/imarketsb.com\/es\/wp-json\/wp\/v2\/pages\/290\/revisions\/954"}],"wp:attachment":[{"href":"https:\/\/imarketsb.com\/es\/wp-json\/wp\/v2\/media?parent=290"}],"curies":[{"name":"wp","href":"https:\/\/api.w.org\/{rel}","templated":true}]}}