{"id":240,"date":"2022-06-02T10:03:55","date_gmt":"2022-06-02T08:03:55","guid":{"rendered":"https:\/\/imarketsb.com\/avaliacao-e-experiencias-do-aplicativo-leovegas\/"},"modified":"2022-09-19T09:08:54","modified_gmt":"2022-09-19T07:08:54","slug":"aplicativo","status":"publish","type":"page","link":"https:\/\/imarketsb.com\/pt-br\/aplicativo\/","title":{"rendered":"Avalia\u00e7\u00e3o e experi\u00eancias do aplicativo LeoVegas"},"content":{"rendered":"\n<h2>Aplicativo LeoVegas para todos os dispositivos<\/h2>\n\n\n<div class=\"wp-block-image\">\n<figure class=\"aligncenter size-large\"><img loading=\"lazy\" width=\"1024\" height=\"682\" src=\"http:\/\/imarketsb.com\/wp-content\/uploads\/2022\/08\/app-1024x682.jpg\" alt=\"applikation\" class=\"wp-image-752\" srcset=\"https:\/\/imarketsb.com\/wp-content\/uploads\/2022\/08\/app-1024x682.jpg 1024w, https:\/\/imarketsb.com\/wp-content\/uploads\/2022\/08\/app-300x200.jpg 300w, https:\/\/imarketsb.com\/wp-content\/uploads\/2022\/08\/app-768x512.jpg 768w, https:\/\/imarketsb.com\/wp-content\/uploads\/2022\/08\/app.jpg 1280w\" sizes=\"(max-width: 1024px) 100vw, 1024px\" \/><figcaption>App LeoVegas para seus dispositivos &#8211; iPhone m\u00f3vel ou Android<\/figcaption><\/figure><\/div>\n\n\n<p><a href=\"https:\/\/imarketsb.com\/pt-br\/\">LeoVegas<\/a> \u00e9 um daqueles cassinos online que n\u00e3o precisa de muitas demos. O aplicativo LeoVegas, que se apresenta como o rei dos cassinos m\u00f3veis, j\u00e1 provou seu valor em v\u00e1rias ocasi\u00f5es, eliminando as mesas de pr\u00eamios na gala de pr\u00eamios do setor, gra\u00e7as ao seu conte\u00fado m\u00f3vel de alta qualidade.<\/p>\n\n\n\n<p>Lan\u00e7ado em 2012, o site pretendia ser o primeiro cassino m\u00f3vel do mundo focado exclusivamente em jogos para celular. Este mantra ainda funciona, embora ao longo do tempo o leque de milhares de jogos tamb\u00e9m tenha sido enriquecido com apostas ao mais alto n\u00edvel &#8211; e todos tamb\u00e9m est\u00e3o dispon\u00edveis no celular.<\/p>\n\n\n\n<p>A LeoVegas ganhou v\u00e1rios pr\u00eamios do setor ao longo de sua carreira, incluindo Melhor Site M\u00f3vel do Ano e Melhor Operadora de Cassino do Ano. O aplicativo est\u00e1 dispon\u00edvel para usu\u00e1rios de iOS e Android, mas a vers\u00e3o para navegador m\u00f3vel do site tamb\u00e9m \u00e9 excelente. No geral, o layout do site \u00e9 elegante, mas simplificado, tornando mais f\u00e1cil fazer neg\u00f3cios em dispositivos m\u00f3veis.<\/p>\n\n\n\n<p>A sele\u00e7\u00e3o de mais de 2.500 jogos diferentes \u00e9 \u00fanica. Al\u00e9m de ca\u00e7a-n\u00edqueis, jackpot e jogos de mesa, o LeoVegas Live Casino oferece centenas de op\u00e7\u00f5es. Compilados por dezenas de editoras de jogos, estes s\u00e3o garantidos como jogos exclusivos do site e a s\u00e9rie de jogos ao vivo Chambre S\u00e9par\u00e9e exclusivamente para clientes LeoVegas.<\/p>\n\n\n\n<p>A gama de ofertas tamb\u00e9m \u00e9 extensa. O <a href=\"https:\/\/imarketsb.com\/pt-br\/bonus-e-promocoes\/\">b\u00f4nus<\/a> \u00e9 recebido logo ap\u00f3s o registro com um pacote de boas-vindas, onde at\u00e9 \u20ac 1.000 em dinheiro virtual s\u00e3o adicionados ao primeiro dep\u00f3sito e o jogador recebe 200 rodadas gr\u00e1tis no Book of Dead. Outras promo\u00e7\u00f5es incluem b\u00f4nus de dep\u00f3sito semanais para Cassino, Cassino ao Vivo e Apostas Esportivas, bem como v\u00e1rios torneios onde o pr\u00eamio \u00e9 em dinheiro.<\/p>\n\n\n\n<h2>Atrav\u00e9s do aplicativo LeoVegas &#8211; Casino sempre na sua m\u00e3o em movimento<\/h2>\n\n\n<div class=\"wp-block-image\">\n<figure class=\"aligncenter size-large\"><img loading=\"lazy\" width=\"1024\" height=\"682\" src=\"http:\/\/imarketsb.com\/wp-content\/uploads\/2022\/08\/leo-vegas-1024x682.jpg\" alt=\"leovegas app\" class=\"wp-image-757\" srcset=\"https:\/\/imarketsb.com\/wp-content\/uploads\/2022\/08\/leo-vegas-1024x682.jpg 1024w, https:\/\/imarketsb.com\/wp-content\/uploads\/2022\/08\/leo-vegas-300x200.jpg 300w, https:\/\/imarketsb.com\/wp-content\/uploads\/2022\/08\/leo-vegas-768x512.jpg 768w, https:\/\/imarketsb.com\/wp-content\/uploads\/2022\/08\/leo-vegas.jpg 1280w\" sizes=\"(max-width: 1024px) 100vw, 1024px\" \/><figcaption>A experi\u00eancia de jogo do aplicativo da Web est\u00e1 dispon\u00edvel em uma vers\u00e3o para desktop e em tablet<\/figcaption><\/figure><\/div>\n\n\n<p>As avalia\u00e7\u00f5es do aplicativo do cassino e suas p\u00e1ginas s\u00e3o muito interessantes, por isso tamb\u00e9m fazemos uma classifica\u00e7\u00e3o. Se voc\u00ea tiver acesso ao cassino com seu endere\u00e7o de e-mail, poder\u00e1 aproveitar a oferta no seu iPhone ou Android.<\/p>\n\n\n\n<p>Atualmente, o aplicativo LeoVegas, voltado exclusivamente para usu\u00e1rios de iOS e Android, est\u00e1 na vanguarda dos aplicativos de jogos modernos. Isso significa que voc\u00ea pode encontrar e baixar o aplicativo Leovegas na App Store. O aplicativo Android tamb\u00e9m est\u00e1 dispon\u00edvel! Por exemplo, um cliente pode fazer login com um ID de toque puro, o que simplifica bastante as transa\u00e7\u00f5es. A triagem e busca por jogos tamb\u00e9m \u00e9 facilmente poss\u00edvel atrav\u00e9s do aplicativo.Al\u00e9m disso, o cliente recebe, por exemplo, informa\u00e7\u00f5es tabulares sobre as \u00faltimas rodadas de jogos ao vivo.<\/p>\n\n\n\n<h3>Como usar o aplicativo m\u00f3vel?<\/h3>\n\n\n\n<p>O aplicativo m\u00f3vel permite que a LeoVegas supere o arsenal de seus concorrentes. Muitos clientes preferem o LeoVegas devido aos menus claros e \u00e0s transa\u00e7\u00f5es gerais simples. Transfer\u00eancias r\u00e1pidas de dinheiro e o maior cassino m\u00f3vel da Europa s\u00e3o outras vantagens que fazem valer a pena baixar o aplicativo. Al\u00e9m disso, os jogos podem ser jogados em uma visualiza\u00e7\u00e3o multiplay, onde um jogador pode ter dois jogos abertos em uma tela ao mesmo tempo.<\/p>\n\n\n\n<p>Para os apostadores, os aplicativos s\u00e3o \u00f3timas maneiras de se manter atualizado com eventos de apostas ao vivo, por exemplo, e apostar com as melhores probabilidades em qualquer lugar. Ao personalizar as configura\u00e7\u00f5es do aplicativo, o cliente pode ser o primeiro a receber informa\u00e7\u00f5es sobre itens em aberto ou eventos de hot match.<\/p>\n\n\n\n<p>O aplicativo e suas funcionalidades est\u00e3o dispon\u00edveis em dispositivos Apple e tamb\u00e9m em tablets. Na verdade, em compara\u00e7\u00e3o com a vers\u00e3o para desktop, voc\u00ea provavelmente n\u00e3o encontrar\u00e1 nenhuma diferen\u00e7a.<\/p>\n\n\n\n<h2>Sele\u00e7\u00e3o de jogos m\u00f3veis do LeoVegas Casino no aplicativo em resumo<\/h2>\n\n\n<div class=\"wp-block-image\">\n<figure class=\"aligncenter size-full\"><img loading=\"lazy\" width=\"465\" height=\"249\" src=\"http:\/\/imarketsb.com\/wp-content\/uploads\/2022\/08\/slots-5.png\" alt=\"slots\" class=\"wp-image-767\" srcset=\"https:\/\/imarketsb.com\/wp-content\/uploads\/2022\/08\/slots-5.png 465w, https:\/\/imarketsb.com\/wp-content\/uploads\/2022\/08\/slots-5-300x161.png 300w\" sizes=\"(max-width: 465px) 100vw, 465px\" \/><figcaption>Slots &#8211; jogue agora! oferta do site<\/figcaption><\/figure><\/div>\n\n\n<p>A sele\u00e7\u00e3o de jogos do LeoVegas App consiste em mais de 2.700 jogos de cassino divididos em cassino e cassino ao vivo. Os editores de jogos mais populares incluem NetEnt, Red Tiger, Microgaming, Evolution Gaming e Thunderkick. Por exemplo, os jogos podem ser classificados de acordo com os jogos mais recentes e populares, bem como ca\u00e7a-n\u00edqueis, jackpot e jogos de mesa.<\/p>\n\n\n\n<p>Al\u00e9m disso, no aplicativo LeoVegas, voc\u00ea pode experimentar o que \u00e9 jogar quase uma d\u00fazia de jogos completamente exclusivos, incluindo o slot LeoVegas Megaways. No entanto, o rei dos jogos exclusivos pode ser encontrado no cassino ao vivo, onde na se\u00e7\u00e3o Chambre S\u00e9par\u00e9e mais de 10 mesas de jogo est\u00e3o dispon\u00edveis apenas para clientes LeoVegas.<\/p>\n\n\n\n<p>Os jogos de mesa incluem roleta, blackjack, p\u00f4quer, bacar\u00e1, bem como jogos de entretenimento como Mega Ball e Monopoly Live. Os jogos ao vivo tamb\u00e9m s\u00e3o inclu\u00eddos em HD por meio do aplicativo m\u00f3vel, onde quer que o cliente se mova, desde que tenha uma conex\u00e3o de internet ativa.<\/p>\n\n\n\n<h2>B\u00f4nus e promo\u00e7\u00f5es do cassino Leovegas Mobile no aplicativo<\/h2>\n\n\n<div class=\"wp-block-image\">\n<figure class=\"aligncenter size-full\"><img loading=\"lazy\" width=\"698\" height=\"612\" src=\"http:\/\/imarketsb.com\/wp-content\/uploads\/2022\/08\/login-8.png\" alt=\"login\" class=\"wp-image-772\" srcset=\"https:\/\/imarketsb.com\/wp-content\/uploads\/2022\/08\/login-8.png 698w, https:\/\/imarketsb.com\/wp-content\/uploads\/2022\/08\/login-8-300x263.png 300w\" sizes=\"(max-width: 698px) 100vw, 698px\" \/><figcaption>B\u00f4nus de boas-vindas e rodadas gr\u00e1tis sem dep\u00f3sito &#8211; Download do aplicativo Leovegas<\/figcaption><\/figure><\/div>\n\n\n<p>A LeoVegas oferece aos novos clientes um interessante b\u00f4nus de boas-vindas de cassino online que difere de muitos outros cassinos. A LeoVegas promete dar o mesmo b\u00f4nus de at\u00e9 \u20ac 1.000 al\u00e9m do primeiro dep\u00f3sito, mas o valor depende do valor do dep\u00f3sito, ent\u00e3o apenas quem depositar \u20ac 1.000 receber\u00e1 um b\u00f4nus de \u20ac 1.000. Voc\u00ea tamb\u00e9m recebe 200 rodadas gr\u00e1tis na LeoVegas se depositar mais de 25 euros.<\/p>\n\n\n\n<p>Os outros valores de b\u00f4nus s\u00e3o os seguintes: um dep\u00f3sito de 10-49 euros ativa um b\u00f4nus em dinheiro de 10 euros, dep\u00f3sitos de 50-99 euros recebem 50 euros e dep\u00f3sitos de 100-499 euros ativam um b\u00f4nus em dinheiro de 100 euros. Suas condi\u00e7\u00f5es tamb\u00e9m s\u00e3o interessantes. O jogador deve primeiro apostar o valor do b\u00f4nus 30 vezes nos jogos de cassino antes que um b\u00f4nus seja creditado na conta. Para b\u00f4nus de cassino ao vivo, o requisito de aposta \u00e9 de 40 vezes. O b\u00f4nus funciona imediatamente atrav\u00e9s do aplicativo e est\u00e1 dispon\u00edvel para todos os jogadores. Voc\u00ea pode ler detalhes no site, onde todas as informa\u00e7\u00f5es s\u00e3o apresentadas.<\/p>\n\n\n\n<p>Por exemplo, se voc\u00ea receber um b\u00f4nus de \u20ac 10, dever\u00e1 apostar \u20ac 300 em dinheiro real antes que o b\u00f4nus seja creditado em sua conta. No entanto, o pr\u00f3prio b\u00f4nus em dinheiro ativado n\u00e3o precisa ser resgatado no final. Os apostadores tamb\u00e9m receber\u00e3o uma enorme aposta gr\u00e1tis de 100% at\u00e9 um valor m\u00e1ximo de \u20ac 100 como agradecimento por se inscrever.<\/p>\n\n\n\n<p>No esporte tamb\u00e9m h\u00e1 b\u00f4nus no site e via app. Outras promo\u00e7\u00f5es e ofertas incluem v\u00e1rios concursos e torneios, promo\u00e7\u00f5es de happy hour e b\u00f4nus e rodadas em dinheiro de fim de semana. Quem gasta muito pode participar do programa de fidelidade LeoVegas Vip Experience.<\/p>\n\n\n\n<p>\u00c0s vezes, os cassinos oferecem b\u00f4nus como rodadas gr\u00e1tis sem dep\u00f3sito para seus visitantes. Infelizmente, nenhum b\u00f4nus exclusivo de download de aplicativos est\u00e1 dispon\u00edvel para os leitores atualmente, mas todas as outras ofertas podem ser encontradas instantaneamente em sua conta. Termos e condi\u00e7\u00f5es e condi\u00e7\u00f5es de b\u00f4nus tamb\u00e9m est\u00e3o l\u00e1.<\/p>\n\n\n\n<h2>Dep\u00f3sitos e saques m\u00f3veis do cassino LeoVegas<\/h2>\n\n\n\n<p>As formas de pagamento aprovadas pela LeoVegas s\u00e3o: Mastercard, Visa, Skrill, Neteller, Paysafecard e Zimpler. Al\u00e9m disso, a transfer\u00eancia banc\u00e1ria direta de bancos alem\u00e3es \u00e9 poss\u00edvel. Tantas op\u00e7\u00f5es de pagamento est\u00e3o dispon\u00edveis.<\/p>\n\n\n\n<p>O valor m\u00ednimo do dep\u00f3sito \u00e9 de 10 euros e o valor de retirada correspondente \u00e9 de 20 euros. O jogador tamb\u00e9m deve confirmar seus dados pessoais antes de poder transferir fundos da conta do cassino para seu pr\u00f3prio m\u00e9todo de pagamento. Tr\u00eas saques mensais s\u00e3o gratuitos, ap\u00f3s os quais \u00e9 cobrada uma taxa de processamento de \u20ac 3. Os dep\u00f3sitos, por outro lado, s\u00e3o sempre gratuitos, tamb\u00e9m atrav\u00e9s do aplicativo da web e do aplicativo Android.<\/p>\n\n\n\n<h2>Suporte M\u00f3vel do Cassino Leovegas<\/h2>\n\n\n\n<p>O suporte ao cliente LeoVegas est\u00e1 dispon\u00edvel em alem\u00e3o via chat ao vivo e e-mail no seu iPhone e em outros dispositivos, como o Android. O bot\u00e3o de suporte ao cliente na lateral da p\u00e1gina leva voc\u00ea \u00e0s Perguntas frequentes do LeoVegas e permite que voc\u00ea digite uma pergunta ponderada na barra de pesquisa, seguida por uma lista de perguntas e respostas correspondentes.<\/p>\n\n\n\n<p>Se nenhuma resposta for encontrada, o jogador pode conversar com o representante de atendimento ao cliente. Todas as perguntas tamb\u00e9m podem ser encontradas diretamente na Central de Ajuda LeoVegas, onde s\u00e3o agrupadas por t\u00f3pico. Todo o conte\u00fado do site tamb\u00e9m est\u00e1 escrito em bom alem\u00e3o. <\/p>\n\n\n\n<h2>Seguran\u00e7a e Licen\u00e7a do Leovegas Casino<\/h2>\n\n\n\n<p>O site, que est\u00e1 na ind\u00fastria h\u00e1 quase uma d\u00e9cada e ganhou v\u00e1rios pr\u00eamios, conta sua pr\u00f3pria hist\u00f3ria sobre a confiabilidade, popularidade e seguran\u00e7a do site. Todo o cassino \u00e9 protegido por um certificado SSL e \u00e9 regulamentado por duas autoridades de jogos respeit\u00e1veis: Malta e Su\u00e9cia.<\/p>\n\n\n\n<p>A licen\u00e7a maltesa se aplica \u00e0 Alemanha e \u00e0 \u00c1ustria, portanto, os lucros repatriados s\u00e3o isentos de impostos de acordo com os padr\u00f5es alem\u00e3es. No entanto, o site levou em considera\u00e7\u00e3o a seguran\u00e7a em tudo, desde transfer\u00eancias de dinheiro at\u00e9 informa\u00e7\u00f5es da conta. Seus dados est\u00e3o totalmente protegidos.<\/p>\n\n\n\n<h2>Resumo do aplicativo m\u00f3vel Leo Vegas Casino<\/h2>\n\n\n<div class=\"wp-block-image\">\n<figure class=\"aligncenter size-large\"><img loading=\"lazy\" width=\"683\" height=\"1024\" src=\"http:\/\/imarketsb.com\/wp-content\/uploads\/2022\/08\/leovegas-tablet-683x1024.jpg\" alt=\"tablet leo vegas\" class=\"wp-image-762\" srcset=\"https:\/\/imarketsb.com\/wp-content\/uploads\/2022\/08\/leovegas-tablet-683x1024.jpg 683w, https:\/\/imarketsb.com\/wp-content\/uploads\/2022\/08\/leovegas-tablet-200x300.jpg 200w, https:\/\/imarketsb.com\/wp-content\/uploads\/2022\/08\/leovegas-tablet-768x1152.jpg 768w, https:\/\/imarketsb.com\/wp-content\/uploads\/2022\/08\/leovegas-tablet-1024x1536.jpg 1024w, https:\/\/imarketsb.com\/wp-content\/uploads\/2022\/08\/leovegas-tablet.jpg 1280w\" sizes=\"(max-width: 683px) 100vw, 683px\" \/><figcaption>Jogos no tablet<\/figcaption><\/figure><\/div>\n\n\n<p>A empresa LeoVegas, o rei dos jogos para celular, foi o primeiro cassino a acreditar no r\u00e1pido crescimento dos jogos para celular e foi quase um pioneiro no mundo dos jogos quando foi lan\u00e7ado em 2012.<\/p>\n\n\n\n<p>Com mais de 2.700 jogos de cassino para escolher em todos os temas e uma se\u00e7\u00e3o de apostas de qualidade, eles garantem sucesso cont\u00ednuo, especialmente porque todos podem ser jogados no premiado aplicativo m\u00f3vel. Inclui alguns recursos especiais que n\u00e3o est\u00e3o dispon\u00edveis em computadores, como B. Autentica\u00e7\u00e3o por Touch ID e uma tela de jogo multijogador onde um jogador pode jogar dois jogos ao mesmo tempo. O download n\u00e3o \u00e9 necess\u00e1rio &#8211; em qualquer dispositivo &#8211; tablet da Apple, smartphone, por exemplo, voc\u00ea pode encontrar qualquer t\u00edtulo de jogos de azar.<\/p>\n\n\n\n<p>As promo\u00e7\u00f5es da LeoVegas s\u00e3o garantidamente interessantes. Em particular, a &#8220;obriga\u00e7\u00e3o de pr\u00e9-reciclagem&#8221; inclu\u00edda no b\u00f4nus em dinheiro, que voc\u00ea recebe em conex\u00e3o com a oferta de boas-vindas, \u00e9 inigual\u00e1vel. No entanto, n\u00e3o luta no \u00e2mbito de uma campanha bem vista, al\u00e9m de haver muitas campanhas dispon\u00edveis para clientes j\u00e1 registrados.<\/p>\n\n\n\n<p>Registrar-se no LeoVegas e baixar o aplicativo m\u00f3vel s\u00e3o coisas que voc\u00ea pode fazer com confian\u00e7a. A seguran\u00e7a, as transfer\u00eancias de dinheiro e a funcionalidade do site est\u00e3o no mais alto n\u00edvel da ind\u00fastria, o que beneficiar\u00e1 mais o jogador a longo prazo. O download n\u00e3o \u00e9 necess\u00e1rio!<\/p>\n","protected":false},"excerpt":{"rendered":"<p>Aplicativo LeoVegas para todos os dispositivos App LeoVegas para seus dispositivos &#8211; iPhone m\u00f3vel ou Android LeoVegas \u00e9 um daqueles cassinos online que n\u00e3o precisa de muitas demos. O aplicativo LeoVegas, que se apresenta como o rei dos cassinos m\u00f3veis, j\u00e1 provou seu valor em v\u00e1rias ocasi\u00f5es, eliminando as mesas de pr\u00eamios na gala de &hellip;<\/p>\n","protected":false},"author":1,"featured_media":0,"parent":0,"menu_order":0,"comment_status":"closed","ping_status":"closed","template":"","meta":[],"acf":[],"amp_enabled":true,"_links":{"self":[{"href":"https:\/\/imarketsb.com\/pt-br\/wp-json\/wp\/v2\/pages\/240"}],"collection":[{"href":"https:\/\/imarketsb.com\/pt-br\/wp-json\/wp\/v2\/pages"}],"about":[{"href":"https:\/\/imarketsb.com\/pt-br\/wp-json\/wp\/v2\/types\/page"}],"author":[{"embeddable":true,"href":"https:\/\/imarketsb.com\/pt-br\/wp-json\/wp\/v2\/users\/1"}],"replies":[{"embeddable":true,"href":"https:\/\/imarketsb.com\/pt-br\/wp-json\/wp\/v2\/comments?post=240"}],"version-history":[{"count":9,"href":"https:\/\/imarketsb.com\/pt-br\/wp-json\/wp\/v2\/pages\/240\/revisions"}],"predecessor-version":[{"id":993,"href":"https:\/\/imarketsb.com\/pt-br\/wp-json\/wp\/v2\/pages\/240\/revisions\/993"}],"wp:attachment":[{"href":"https:\/\/imarketsb.com\/pt-br\/wp-json\/wp\/v2\/media?parent=240"}],"curies":[{"name":"wp","href":"https:\/\/api.w.org\/{rel}","templated":true}]}}