{"id":253,"date":"2022-06-02T09:59:20","date_gmt":"2022-06-02T07:59:20","guid":{"rendered":"https:\/\/imarketsb.com\/comentarios-do-cassino-leo-vegas\/"},"modified":"2024-08-21T11:04:06","modified_gmt":"2024-08-21T09:04:06","slug":"comentarios-do-cassino-leo-vegas","status":"publish","type":"page","link":"https:\/\/imarketsb.com\/pt-br\/","title":{"rendered":"Coment\u00e1rios do Cassino Leo Vegas"},"content":{"rendered":"\n<h2>Opini\u00f5es sobre o cassino online LeoVegas<\/h2>\n\n\n<div class=\"wp-block-image\">\n<figure class=\"aligncenter size-full is-resized\"><img loading=\"lazy\" src=\"http:\/\/imarketsb.com\/wp-content\/uploads\/2022\/08\/bonuses.png\" alt=\"website leovegas\" class=\"wp-image-705\" width=\"702\" height=\"499\" srcset=\"https:\/\/imarketsb.com\/wp-content\/uploads\/2022\/08\/bonuses.png 936w, https:\/\/imarketsb.com\/wp-content\/uploads\/2022\/08\/bonuses-300x213.png 300w, https:\/\/imarketsb.com\/wp-content\/uploads\/2022\/08\/bonuses-768x546.png 768w\" sizes=\"(max-width: 702px) 100vw, 702px\" \/><figcaption>Teste de Leo Vegas<\/figcaption><\/figure><\/div>\n\n\n<p>O LeoVegas foi lan\u00e7ado em 2013 e oferece um site de boa apar\u00eancia com uma ampla variedade. O provedor \u00e9 conhecido no mercado de jogos de azar em toda a Europa e ganhou uma boa reputa\u00e7\u00e3o. O site est\u00e1 bem atualizado, embora a escolha da cor laranja possa n\u00e3o ser para todos. De qualquer forma, h\u00e1 uma oferta interessante de b\u00f4nus, que voc\u00ea pode ver imediatamente nos banners! As promo\u00e7\u00f5es da LeoVegas tamb\u00e9m s\u00e3o impulsionadas pelo idioma alem\u00e3o dos sites, ganhos isentos de impostos e saques r\u00e1pidos!<\/p>\n\n\n\n<p>Os depoimentos s\u00e3o muito importantes para os clientes que s\u00e3o f\u00e3s de jogos de azar. Todo jogador na Internet quer ter certeza de que sua experi\u00eancia em <a href=\"https:\/\/www.viverhoje.org\/novos-cassinos\/\" target=\"_blank\" rel=\"noreferrer noopener nofollow\">um novo cassino<\/a> ser\u00e1 agrad\u00e1vel e agrad\u00e1vel. Isso n\u00e3o depende apenas do pr\u00f3prio cliente, o provedor tamb\u00e9m deve oferecer um ambiente de jogo seguro para seus usu\u00e1rios.<\/p>\n\n\n\n<p>As informa\u00e7\u00f5es mais importantes sobre o provedor Leo Vegas Online Casino em uma tabela:<\/p>\n\n\n\n<p>Nome da empresa World of Sportsbetting Limited Endere\u00e7o do provedor Level 7 Plaza Business Center, Triq Bisazza, Sliema SLM 1640 N\u00famero de registro MGA\/CRP\/237\/2013 Regulator Malta Gaming Authority N\u00famero de telefone N\/A Endere\u00e7o de e-mail support@leovegas.com Suporte por chat ao vivo A live bate-papo est\u00e1 dispon\u00edvel<\/p>\n\n\n\n<h2>Jogo Respons\u00e1vel com Vegas<\/h2>\n\n\n\n<p>O jogo pode ser viciante. O jogo respons\u00e1vel agora \u00e9 uma parte importante dos cassinos online seguros como o LeoVegas. Infelizmente para alguns jogadores o jogo \u00e9 um problema real e ent\u00e3o voc\u00ea sabe que \u00e9 hora de procurar ajuda. Alguns jogadores n\u00e3o sabem como desistir e, neste momento, o cassino tamb\u00e9m precisa oferecer ajuda. Por causa disso, todos os cassinos agora t\u00eam uma se\u00e7\u00e3o separada de jogo respons\u00e1vel. LeoVegas oferece ao jogador uma ampla gama de dicas e contatos para ajud\u00e1-lo a mapear seu pr\u00f3prio jogo e refletir se ainda est\u00e1 dentro dos limites saud\u00e1veis. Felizmente para a maioria dos jogadores, isso \u00e9 puro entretenimento, mas se voc\u00ea vir alguns recursos preocupantes em seu pr\u00f3prio jogo, poder\u00e1 impor v\u00e1rias restri\u00e7\u00f5es ao jogar no cassino no perfil pessoal. Por exemplo, o Leo Vegas Casino oferece limites de tempo de jogo, limites de dep\u00f3sito e limites de perda. Assim, o jogador tem muito controle sobre seu pr\u00f3prio jogo. A lista neste cassino \u00e9 longa e h\u00e1 muitas op\u00e7\u00f5es. Al\u00e9m disso, o cassino fornece links \u00fateis que podem ajudar o jogador com problemas de jogo.<\/p>\n\n\n\n<h3>Sinais de problemas com jogos de azar<\/h3>\n\n\n\n<p>Se voc\u00ea acha que est\u00e1 jogando demais, aqui est\u00e3o algumas perguntas a serem feitas:<\/p>\n\n\n\n<ul><li>Voc\u00ea se sente culpado pela quantidade de dinheiro que joga no cassino?<\/li><li>Voc\u00ea joga em apostas mais altas para tornar o jogo inspirador?<\/li><li>Voc\u00ea acha dif\u00edcil parar de jogar mesmo depois de ter usado todo o dinheiro que reservou para jogar?<\/li><li>O jogo est\u00e1 causando problemas financeiros para voc\u00ea ou outros membros da fam\u00edlia?<\/li><li>Os jogos afetam seu trabalho, relacionamentos ou outras intera\u00e7\u00f5es?<\/li><li>O jogo causa ansiedade ou estresse?<\/li><li>Voc\u00ea fica inquieto quando n\u00e3o pode jogar?<\/li><li>Voc\u00ea se sente viciado em jogos de azar?<\/li><\/ul>\n\n\n\n<p>Se voc\u00ea responder sim a algumas dessas perguntas, voc\u00ea deve entrar em contato com os ajudantes.<\/p>\n\n\n\n<h2>Teste do cassino: LeoVegas \u00e9 uma farsa?<\/h2>\n\n\n\n<p>O que pode provar a seguran\u00e7a do cassino online LeoVegas? Este site definitivamente n\u00e3o \u00e9 uma farsa. Um jogador alem\u00e3o pode facilmente usar seus pr\u00f3prios IDs banc\u00e1rios online, pois os jogos sempre ocorrem em uma conex\u00e3o segura. Al\u00e9m disso, o cassino possui um mecanismo de jogo malt\u00eas de alta qualidade, o que ajuda a garantir uma experi\u00eancia de jogo completamente segura e protegida. A licen\u00e7a de jogo da Malta Gaming Authority \u00e9 bem conhecida e segura entre os f\u00e3s de jogos de azar. A Malta Gaming Authority \u00e9 particularmente conhecida por sua abordagem rigorosa aos cassinos online e fez um excelente trabalho quando se trata de seguran\u00e7a de cassinos online. Assim, al\u00e9m dos ganhos isentos de impostos, tamb\u00e9m \u00e9 prometida uma experi\u00eancia de cassino segura e completa. Tamb\u00e9m vale a pena notar que obter uma boa licen\u00e7a nunca \u00e9 f\u00e1cil ou leva muito tempo, portanto, qualquer site com uma licen\u00e7a de qualidade deve seguir certos padr\u00f5es. Portanto, trapacear ao jogar com a LeoVegas \u00e9 absolutamente imposs\u00edvel.<\/p>\n\n\n\n<h2>Sele\u00e7\u00e3o de jogos e portf\u00f3lio<\/h2>\n\n\n<div class=\"wp-block-image\">\n<figure class=\"aligncenter size-full\"><img loading=\"lazy\" width=\"923\" height=\"477\" src=\"http:\/\/imarketsb.com\/wp-content\/uploads\/2022\/09\/top-games.png\" alt=\"top slots\" class=\"wp-image-883\" srcset=\"https:\/\/imarketsb.com\/wp-content\/uploads\/2022\/09\/top-games.png 923w, https:\/\/imarketsb.com\/wp-content\/uploads\/2022\/09\/top-games-300x155.png 300w, https:\/\/imarketsb.com\/wp-content\/uploads\/2022\/09\/top-games-768x397.png 768w\" sizes=\"(max-width: 923px) 100vw, 923px\" \/><figcaption>Jogo e oferta em resumo<\/figcaption><\/figure><\/div>\n\n\n<p>Revis\u00f5es da sele\u00e7\u00e3o de jogos do cassino LeoVegas. O site menciona que existem mais de 500 m\u00e1quinas ca\u00e7a-n\u00edqueis. O n\u00famero de jogos pode ter sido limpo, pois ao entrar no lobby do jogo, o contador informa o n\u00famero de jogos com quase 1.000 m\u00e1quinas ca\u00e7a-n\u00edqueis. Os jogos no lobby s\u00e3o divididos primeiro em jogos e jogos ao vivo. Os jogos na se\u00e7\u00e3o de jogos podem ser divididos em muitas partes diferentes. Por exemplo, voc\u00ea pode selecionar apenas novos jogos ou jogos populares. Jogos de jackpot, videogames e jogos cl\u00e1ssicos tamb\u00e9m est\u00e3o na lista de Leo Vegas. \u00c0 direita das categorias de jogos h\u00e1 um menu onde voc\u00ea pode verificar os criadores de jogos. Em seguida, voc\u00ea pode listar jogos de apenas um ou v\u00e1rios fabricantes de cada vez.<\/p>\n\n\n\n<p>\u00c9 poss\u00edvel praticar ca\u00e7a-n\u00edqueis, pois os jogos online podem ser bastante complicados de entender.<\/p>\n\n\n\n<p>No entanto, n\u00e3o \u00e9 poss\u00edvel influenciar a vit\u00f3ria atrav\u00e9s do treinamento, pois os jogos de slots distribuem os ganhos de forma completamente aleat\u00f3ria e todos eles s\u00e3o sempre sorte.<\/p>\n\n\n\n<p>Embora a sorte no jogo seja completamente imprevis\u00edvel, as porcentagens de retorno ao jogador (RTP) podem ser comparadas.<\/p>\n\n\n\n<p>A porcentagem de retorno da m\u00e1quina ca\u00e7a-n\u00edqueis determina quanto a m\u00e1quina ca\u00e7a-n\u00edqueis retorna aos seus clientes.<\/p>\n\n\n\n<h3>Qual jogo de ca\u00e7a-n\u00edqueis \u00e9 o melhor para voc\u00ea?<\/h3>\n\n\n\n<p>Os slots tamb\u00e9m podem ser comparados entre si de acordo com a frequ\u00eancia com que devolvem o dinheiro, ou seja, redistribuem os fundos jogados. Isso \u00e9 chamado de volatilidade no jarg\u00e3o do cassino. <\/p>\n\n\n\n<p>Jogos de baixa volatilidade oferecem aos seus jogadores vit\u00f3rias em um ritmo constante. Nestes slots, no entanto, os jackpots s\u00e3o not\u00e1veis pela sua aus\u00eancia. <\/p>\n\n\n\n<p>Em jogos de alta volatilidade, as vit\u00f3rias s\u00e3o muito mais raras, mas as chances de uma vit\u00f3ria m\u00e9dia ou grande s\u00e3o muito maiores.<\/p>\n\n\n\n<h3>Sele\u00e7\u00e3o de jogos de cassino ao vivo<\/h3>\n\n\n<div class=\"wp-block-image\">\n<figure class=\"aligncenter size-full\"><img loading=\"lazy\" width=\"926\" height=\"276\" src=\"http:\/\/imarketsb.com\/wp-content\/uploads\/2022\/08\/table-games-2.png\" alt=\"table games\" class=\"wp-image-716\" srcset=\"https:\/\/imarketsb.com\/wp-content\/uploads\/2022\/08\/table-games-2.png 926w, https:\/\/imarketsb.com\/wp-content\/uploads\/2022\/08\/table-games-2-300x89.png 300w, https:\/\/imarketsb.com\/wp-content\/uploads\/2022\/08\/table-games-2-768x229.png 768w\" sizes=\"(max-width: 926px) 100vw, 926px\" \/><figcaption>Gosta de jogos de mesa? Oferta de jogos Evolution<\/figcaption><\/figure><\/div>\n\n\n<p>Leo Vegas oferece um bom conjunto b\u00e1sico de mesas no lado do cassino. Em outras palavras, slots de frutas, jackpots, blackjack, roleta e jogos de cartas. Claro, a maioria dos jogos s\u00e3o slots de v\u00eddeo, mas tamb\u00e9m existem dezenas de jackpots, dezenas de blackjacks, uma d\u00fazia de roletas e outros jogos de cartas. Al\u00e9m disso, a sele\u00e7\u00e3o de jogos inspira com seis jogos ao vivo, incluindo bacar\u00e1, p\u00f4quer e hold&#8217;em. Black Jack e Roleta.<\/p>\n\n\n\n<h4>Jogos populares de cassino ao vivo<\/h4>\n\n\n\n<ul><li>Roleta: Como mencionado anteriormente, com as ofertas de cassino ao vivo, a roleta ser\u00e1 \u00f3tima para sua casa e voc\u00ea pode desfrutar da atmosfera confort\u00e1vel do cassino diretamente do conforto do seu sof\u00e1 de casa. Porque o jogo \u00e9 dirigido pela pessoa certa, o ritmo de jogo \u00e9 confort\u00e1vel e descontra\u00eddo.<\/li><li>Blackjack: Os cassinos ao vivo oferecem blackjack em muitos formatos diferentes. Al\u00e9m do blackjack tradicional, voc\u00ea deve conferir o Blackjack Party, o Infinite Blackjack e o Power Blackjack, por exemplo.<\/li><li>Bacar\u00e1: Fa\u00e7a voc\u00ea mesmo um martini com vodka, agite sem mexer, sente-se no sof\u00e1 e comece a jogar. Saiba tamb\u00e9m se o pr\u00f3prio Blofeld est\u00e1 do lado oposto. Confira Lightning Live Baccarat e Dragon Tiger, por exemplo.<\/li><\/ul>\n\n\n\n<h2>apostas esportivas<\/h2>\n\n\n<div class=\"wp-block-image\">\n<figure class=\"aligncenter size-full\"><img loading=\"lazy\" width=\"935\" height=\"736\" src=\"http:\/\/imarketsb.com\/wp-content\/uploads\/2022\/08\/leovegas-sports.png\" alt=\"sports\" class=\"wp-image-721\" srcset=\"https:\/\/imarketsb.com\/wp-content\/uploads\/2022\/08\/leovegas-sports.png 935w, https:\/\/imarketsb.com\/wp-content\/uploads\/2022\/08\/leovegas-sports-300x236.png 300w, https:\/\/imarketsb.com\/wp-content\/uploads\/2022\/08\/leovegas-sports-768x605.png 768w\" sizes=\"(max-width: 935px) 100vw, 935px\" \/><figcaption>apostas esportivas<\/figcaption><\/figure><\/div>\n\n\n<p>A LeoVegas tamb\u00e9m tem um departamento de apostas esportivas! Para apostas esportivas LeoVegas, voc\u00ea n\u00e3o precisa criar uma conta separada. Voc\u00ea pode apostar em v\u00e1rios eventos esportivos.<\/p>\n\n\n\n<p>A casa de apostas est\u00e1 no mesmo site. Na parte superior do menu, voc\u00ea pode alternar o cassino online para apostas esportivas.<\/p>\n\n\n\n<p>A LeoVegas oferece cota\u00e7\u00f5es em mais de 25 esportes, incluindo alguns dos mais populares, como futebol, t\u00eanis, basquete, h\u00f3quei no gelo e cr\u00edquete. Mercados esportivos exclusivos, como bandy, snooker e sumo, tamb\u00e9m est\u00e3o dispon\u00edveis, ent\u00e3o h\u00e1 uma boa chance de voc\u00ea encontrar o que procura aqui, seja qual for sua prefer\u00eancia.<\/p>\n\n\n\n<p>A LeoVegas oferece aos seus jogadores uma ampla gama de excelentes recursos de apostas esportivas, incluindo Trending Combo, Season Bets e Leo Boosts. &#8220;Trending Combo&#8221; refere-se a um conjunto de combina\u00e7\u00f5es que est\u00e3o em alta na LeoVegas, enquanto &#8220;Season Betting&#8221; refere-se a apostas que abrangem uma temporada esportiva inteira. Leo Boosts \u00e9 uma se\u00e7\u00e3o dedicada a uma combina\u00e7\u00e3o selecionada de sele\u00e7\u00f5es de odds aumentadas.<\/p>\n\n\n\n<h2>B\u00f4nus LeoVegas em resumo<\/h2>\n\n\n\n<h3>b\u00f4nus de boas-vindas<\/h3>\n\n\n<div class=\"wp-block-image\">\n<figure class=\"aligncenter size-full\"><img loading=\"lazy\" width=\"551\" height=\"279\" src=\"http:\/\/imarketsb.com\/wp-content\/uploads\/2022\/09\/bonus.png\" alt=\"welcome bonus\" class=\"wp-image-888\" srcset=\"https:\/\/imarketsb.com\/wp-content\/uploads\/2022\/09\/bonus.png 551w, https:\/\/imarketsb.com\/wp-content\/uploads\/2022\/09\/bonus-300x152.png 300w\" sizes=\"(max-width: 551px) 100vw, 551px\" \/><figcaption>B\u00f4nus em dinheiro real para registro LeoVegas<\/figcaption><\/figure><\/div>\n\n\n<p>O Leo Vegas Casino oferece v\u00e1rios b\u00f4nus e rodadas gr\u00e1tis. <\/p>\n\n\n\n<p>No entanto, o cassino tem um b\u00f4nus de boas-vindas: s\u00e3o 4 b\u00f4nus de dep\u00f3sito + 200 rodadas gr\u00e1tis! Gostar\u00edamos de lhe fornecer informa\u00e7\u00f5es detalhadas rapidamente. V\u00e1rias op\u00e7\u00f5es de dep\u00f3sito est\u00e3o dispon\u00edveis para os clientes por pacote de b\u00f4nus de boas-vindas. Aproveite a chance de dobrar seus dep\u00f3sitos (a oferta est\u00e1 dispon\u00edvel a partir de um dep\u00f3sito de \u20ac 10) Voc\u00ea ainda pode obter um b\u00f4nus de 50 rodadas em dinheiro (a partir de um dep\u00f3sito de \u20ac 25) por cada dep\u00f3sito.<\/p>\n\n\n\n<p><strong>Termos e Condi\u00e7\u00f5es do B\u00f4nus de Boas-Vindas<\/strong><\/p>\n\n\n\n<p>O b\u00f4nus de boas-vindas \u00e9 assim:<\/p>\n\n\n\n<ul><li>B\u00f4nus de dep\u00f3sito para 4 dep\u00f3sitos a partir de 10 euros<\/li><li>Aumento de aposta de at\u00e9 \u20ac 1.000<\/li><li>Receba 200 rodadas gr\u00e1tis (as rodadas gr\u00e1tis s\u00e3o concedidas para dep\u00f3sitos acima de \u20ac 25)<\/li><li>Rodadas gr\u00e1tis em diferentes slots: Book of Dead, John Hunter and the Tomb of the Scarab Queen, Fire Joker e Wolf Gold<\/li><\/ul>\n\n\n\n<h3>Oferta de b\u00f4nus de cassino ao vivo<\/h3>\n\n\n\n<p>Voc\u00ea \u00e9 novo no Leo Vegas com? Voc\u00ea pode registrar uma conta de jogador de forma muito r\u00e1pida e f\u00e1cil e ganhar um b\u00f4nus extra de cassino ao vivo para clientes rec\u00e9m-registrados! S\u00e3o 3 pacotes de b\u00f3nus com um valor total de 250\u20ac. Voc\u00ea pode realmente obter um b\u00f4nus de at\u00e9 500 euros no cassino ao vivo se garantir todos os tr\u00eas pacotes de oferta no cassino. Os requisitos de apostas s\u00e3o um pouco grandes demais, mas voc\u00ea pode encontrar todos os requisitos e dicas de apostas no site oficial.<\/p>\n\n\n\n<h3>B\u00f4nus de apostas esportivas<\/h3>\n\n\n\n<p>O departamento de apostas esportivas tamb\u00e9m preparou um b\u00f4nus para voc\u00ea. 2x 50% de aumento de lucro como uma nova oferta de cliente As apostas esportivas Leo Vegas oferecem um aumento de lucro de at\u00e9 \u20ac 100 duas vezes! Este tamb\u00e9m \u00e9 um b\u00f4nus para novos clientes, por isso a primeira oferta de apostas esportivas da LeoVegas.<\/p>\n\n\n\n<p>O provedor oferece dois aumentos de lucro de 50% at\u00e9 100 euros. Um se torna nutybar antes do jogo come\u00e7ar, o outro \u00e9 para apostas ao vivo.<\/p>\n\n\n\n<h3>Como recebo este b\u00f4nus de apostas esportivas LeoVegas?<\/h3>\n\n\n\n<p>Felizmente, tamb\u00e9m \u00e9 muito f\u00e1cil de fazer atrav\u00e9s do aplicativo .<\/p>\n\n\n\n<p>1. Inscreva-se na LeoVegas.<\/p>\n\n\n\n<p>2. V\u00e1 para a p\u00e1gina A\u00e7\u00f5es.<\/p>\n\n\n\n<p>3. Ative seu b\u00f4nus de boas-vindas para depositar dinheiro em seu perfil.<\/p>\n\n\n\n<p>4. Fa\u00e7a um dep\u00f3sito m\u00ednimo de \u20ac 10, ou seja, cota m\u00ednima.<\/p>\n\n\n\n<p>5. Obtenha 2 aumentos de lucro de 50% at\u00e9 \u20ac 100<\/p>\n\n\n\n<p>Os cassinos n\u00e3o costumam ter uma variedade t\u00e3o ampla de b\u00f4nus, mas o Leo Vegas tem para voc\u00ea, n\u00e3o perca esta op\u00e7\u00e3o! Os requisitos de aposta s\u00e3o claramente apresentados no site e voc\u00ea tamb\u00e9m pode aproveitar todas as ofertas via aplicativo.<\/p>\n\n\n\n<h2>Aplicativo LeoVegas para smartphones<\/h2>\n\n\n\n<p>O LeoVegas Mobile Casino \u00e9 uma experi\u00eancia agrad\u00e1vel em qualquer dispositivo. Assim como na vers\u00e3o grande, os jogos de cassino, apostas e jogos ao vivo s\u00e3o oferecidos via celular ou tablet. O LeoVegas Mobile funciona em todos os principais dispositivos e navegadores inteligentes. H\u00e1 muita divers\u00e3o, mas algu\u00e9m pode precisar de um pouco mais de escolha al\u00e9m dos 250 jogos de cassino. A aposta, no entanto, \u00e9 a proeza da vers\u00e3o mobile e um grande \u201cponto de venda\u201d para a LeoVegas. No entanto, os jogos de cassino n\u00e3o s\u00e3o decora\u00e7\u00e3o. Por exemplo, voc\u00ea descobrir\u00e1 que jogos ao vivo est\u00e3o dispon\u00edveis. Cada cliente pode ter sua experi\u00eancia de cassino em movimento!<\/p>\n\n\n\n<h2>Experi\u00eancias LeoVegas no login e retirada<\/h2>\n\n\n<div class=\"wp-block-image\">\n<figure class=\"aligncenter size-full\"><img loading=\"lazy\" width=\"698\" height=\"612\" src=\"http:\/\/imarketsb.com\/wp-content\/uploads\/2022\/08\/login-7.png\" alt=\"login\" class=\"wp-image-731\" srcset=\"https:\/\/imarketsb.com\/wp-content\/uploads\/2022\/08\/login-7.png 698w, https:\/\/imarketsb.com\/wp-content\/uploads\/2022\/08\/login-7-300x263.png 300w\" sizes=\"(max-width: 698px) 100vw, 698px\" \/><figcaption>Login do Cassino LeoVegas<\/figcaption><\/figure><\/div>\n\n\n<p>A vantagem indiscut\u00edvel do site LeoVegas \u00e9 que o cliente pode se cadastrar de forma muito r\u00e1pida e f\u00e1cil. O conceito torna o jogo muito f\u00e1cil e r\u00e1pido. Na pr\u00e1tica, o usu\u00e1rio n\u00e3o tem escolha a n\u00e3o ser fazer login no cassino com suas pr\u00f3prias credenciais banc\u00e1rias online e come\u00e7ar a jogar. Ent\u00e3o aqui no cassino online LeoVegas \u00e9 mais f\u00e1cil do que nunca se inscrever! Ao se registrar, digite seu endere\u00e7o de e-mail, n\u00famero de telefone e nome, ent\u00e3o h\u00e1 a op\u00e7\u00e3o de fazer um dep\u00f3sito e receber o b\u00f4nus por se registrar! As informa\u00e7\u00f5es pessoais s\u00e3o confirmadas por e-mail.<\/p>\n\n\n\n<p>Ao fazer login pela primeira vez, como voc\u00ea pode ver na captura de tela, o provedor sugere a leitura dos termos e condi\u00e7\u00f5es, que s\u00e3o os termos e condi\u00e7\u00f5es do cassino online LeoVegas. M\u00e1quinas ca\u00e7a-n\u00edqueis e todo o cassino a dinheiro real \u00e9 um entretenimento especial, voc\u00ea deve jogar com responsabilidade e conhecer todas as condi\u00e7\u00f5es, leia com aten\u00e7\u00e3o.<\/p>\n\n\n\n<h3>Formas de pagamento &#8211; dep\u00f3sito em conta pessoal<\/h3>\n\n\n\n<p>Ao visitar o LeoVegas Casino, o cliente tem duas op\u00e7\u00f5es: depositar dinheiro ou jogar gratuitamente nas vers\u00f5es demo. Os visitantes que nunca jogaram na LeoVegas optam por fazer login e fazer um dep\u00f3sito. O jogador primeiro seleciona o valor a ser depositado e, em seguida, faz login no servi\u00e7o usando seus pr\u00f3prios IDs banc\u00e1rios online. Se o cassino j\u00e1 foi jogado antes, o usu\u00e1rio pode optar por \u201ccontinuar jogando\u201d. Mesmo que nenhuma conta de jogo real seja criada, o cassino ainda se lembra das informa\u00e7\u00f5es do jogador, saldo de jogo e ganhos. Assim, voc\u00ea n\u00e3o precisa come\u00e7ar do zero todas as vezes.<\/p>\n\n\n\n<p>Leo vegas atualmente oferece os seguintes m\u00e9todos de pagamento: Skrill, Neteller, Visa, Mastercard, Klarna, Muchbetter, Trustly, Paysafecard.<\/p>\n\n\n\n<h3>Pagamento LeoVegas<\/h3>\n\n\n\n<p>Al\u00e9m dos jogos, os saques tamb\u00e9m s\u00e3o r\u00e1pidos, muitas vezes at\u00e9 instant\u00e2neos. A liberdade de registro cria uma atmosfera totalmente nova para o jogo, j\u00e1 que o cassino n\u00e3o precisa fornecer informa\u00e7\u00f5es de todo o mundo e lembrar nomes de usu\u00e1rios e senhas. Os IDs banc\u00e1rios on-line geralmente s\u00e3o inclu\u00eddos de qualquer maneira, ent\u00e3o por que n\u00e3o jogar com eles diretamente? <\/p>\n\n\n\n<p>O conjunto do site tamb\u00e9m \u00e9 muito elegante com seu esquema de cores laranja e dourado. A vantagem tamb\u00e9m vem de um b\u00f4nus de boas-vindas separado, pois nem todos os cassinos online gratuitos oferecem b\u00f4nus separados.<\/p>\n\n\n\n<h2>Atendimento ao Cliente LeoVegas<\/h2>\n\n\n\n<p>O atendimento ao cliente da LeoVegas est\u00e1 aberto diariamente via chat ao vivo e outras op\u00e7\u00f5es de contato. Para o deleite dos clientes alem\u00e3es e austr\u00edacos, o atendimento ao cliente em alem\u00e3o tamb\u00e9m pode ser encontrado neste cassino online. Voc\u00ea pode entrar em contato com a LeoVegas via chat ao vivo nos dias \u00fateis das 08:00 \u00e0s 24:00 e nos feriados das 12:00 \u00e0s 21:00. O servi\u00e7o de chat funciona 24 horas em ingl\u00eas, assim como o servi\u00e7o de e-mail em alem\u00e3o. Testamos com satisfa\u00e7\u00e3o o suporte ao cliente LeoVegas e os resultados foram bons. O servi\u00e7o veio rapidamente e em um clima amig\u00e1vel. Al\u00e9m disso, as respostas vieram profissionalmente, mesmo que tiv\u00e9ssemos feito as perguntas de uma maneira deliberadamente enigm\u00e1tica. Como cliente Leo Vegas, voc\u00ea provavelmente n\u00e3o ter\u00e1 problemas, mas quando isso acontecer, a ajuda estar\u00e1 \u00e0 m\u00e3o!<\/p>\n\n\n\n<h2>Resumo das nossas experi\u00eancias<\/h2>\n\n\n\n<p>Mesmo que seja um cassino instant\u00e2neo, no sentido de que voc\u00ea pode come\u00e7ar a jogar imediatamente, este cassino ainda n\u00e3o tem nada. A sele\u00e7\u00e3o de jogos \u00e9 extensa e variada &#8211; certamente h\u00e1 muitos jogos de seu interesse na biblioteca de jogos. No entanto, o LeoVegas Casino significa saques r\u00e1pidos, enquanto o jogador pode desfrutar de uma grande cole\u00e7\u00e3o de jogos e servi\u00e7os de qualidade como de costume. Como um cassino de qualidade, o LeoVegas tamb\u00e9m oferece jogos ao vivo e um b\u00f4nus de boas-vindas para novos jogadores!<\/p>\n\n\n\n<p>Desejamos a voc\u00ea boa sorte e divers\u00e3o na LeoVegas!<\/p>\n\n\n\n<h2>Perguntas frequentes<\/h2>\n\n\n<div id=\"rank-math-faq\" class=\"rank-math-block\">\n<div class=\"rank-math-list \">\n<div id=\"faq-question-1654163833977\" class=\"rank-math-list-item\">\n<h3 class=\"rank-math-question \"><meta charset=\"utf-8\">Qual licen\u00e7a de jogo o provedor LeoVegas possui?<\/h3>\n<div class=\"rank-math-answer \">\n\n<p><meta charset=\"utf-8\">Esta \u00e9 uma pergunta importante ao escolher cassinos online com dinheiro real. A licen\u00e7a da Malta Gaming Authority comprova a seriedade do cassino online e uma experi\u00eancia de jogo segura. Os clientes t\u00eam garantida a seguran\u00e7a do jogo.<\/p>\n\n<\/div>\n<\/div>\n<div id=\"faq-question-1654163846957\" class=\"rank-math-list-item\">\n<h3 class=\"rank-math-question \"><meta charset=\"utf-8\">De acordo com sua experi\u00eancia, qual \u00e9 a largura da biblioteca de jogos online?<\/h3>\n<div class=\"rank-math-answer \">\n\n<p><meta charset=\"utf-8\">No cassino online LeoVegas voc\u00ea encontrar\u00e1 uma grande variedade de ca\u00e7a-n\u00edqueis, ou seja, ca\u00e7a-n\u00edqueis, tamb\u00e9m h\u00e1 jogos ao vivo com mesas sempre dispon\u00edveis. No menu principal voc\u00ea encontrar\u00e1 ca\u00e7a-n\u00edqueis, outros jogos como blackjack ou bacar\u00e1, ofertas de b\u00f4nus, informa\u00e7\u00f5es esportivas.<\/p>\n\n<\/div>\n<\/div>\n<div id=\"faq-question-1654163873463\" class=\"rank-math-list-item\">\n<h3 class=\"rank-math-question \"><meta charset=\"utf-8\">Posso receber um b\u00f4nus por me inscrever?<\/h3>\n<div class=\"rank-math-answer \">\n\n<p><meta charset=\"utf-8\">Sim, h\u00e1 um b\u00f4nus para jogos de cassino, um. B\u00f4nus para cassino ao vivo e, claro, para apostas esportivas, se voc\u00ea gosta de apostar em esportes diferentes.<\/p>\n\n<\/div>\n<\/div>\n<div id=\"faq-question-1654163887226\" class=\"rank-math-list-item\">\n<h3 class=\"rank-math-question \"><meta charset=\"utf-8\">O provedor Leovegas tem um atendimento profissional ao cliente?<\/h3>\n<div class=\"rank-math-answer \">\n\n<p><meta charset=\"utf-8\">Sim, os jogadores t\u00eam chat ao vivo dispon\u00edvel, onde podem fazer qualquer pergunta relacionada a b\u00f4nus, dep\u00f3sito, cassino, m\u00e9todos de pagamento, termos e condi\u00e7\u00f5es e outros aspectos. Todas as perguntas s\u00e3o respondidas rapidamente porque o chat ao vivo est\u00e1 aberto 24 horas por dia, 7 dias por semana, para qualquer situa\u00e7\u00e3o.<\/p>\n\n<\/div>\n<\/div>\n<div id=\"faq-question-1654163915336\" class=\"rank-math-list-item\">\n<h3 class=\"rank-math-question \"><meta charset=\"utf-8\">Posso baixar um aplicativo?<\/h3>\n<div class=\"rank-math-answer \">\n\n<p><meta charset=\"utf-8\">Sim, o cassino funciona bem em todos os dispositivos e todas as fun\u00e7\u00f5es de cassino e casa de apostas tamb\u00e9m est\u00e3o dispon\u00edveis via aplicativo baseado em navegador. Todos os esportes, b\u00f4nus e ganhos est\u00e3o l\u00e1.<\/p>\n\n<\/div>\n<\/div>\n<div id=\"faq-question-1654163925650\" class=\"rank-math-list-item\">\n<h3 class=\"rank-math-question \"><meta charset=\"utf-8\">Que m\u00e9todos de pagamento est\u00e3o dispon\u00edveis?<\/h3>\n<div class=\"rank-math-answer \">\n\n<p><meta charset=\"utf-8\">Esta lista n\u00e3o \u00e9 muito ampla, mas \u00e9 satisfat\u00f3ria porque os melhores e mais profissionais est\u00e3o em oferta.<\/p>\n\n<\/div>\n<\/div>\n<\/div>\n<\/div>","protected":false},"excerpt":{"rendered":"<p>Opini\u00f5es sobre o cassino online LeoVegas Teste de Leo Vegas O LeoVegas foi lan\u00e7ado em 2013 e oferece um site de boa apar\u00eancia com uma ampla variedade. O provedor \u00e9 conhecido no mercado de jogos de azar em toda a Europa e ganhou uma boa reputa\u00e7\u00e3o. O site est\u00e1 bem atualizado, embora a escolha da &hellip;<\/p>\n","protected":false},"author":1,"featured_media":0,"parent":0,"menu_order":0,"comment_status":"closed","ping_status":"closed","template":"","meta":[],"acf":[],"amp_enabled":true,"_links":{"self":[{"href":"https:\/\/imarketsb.com\/pt-br\/wp-json\/wp\/v2\/pages\/253"}],"collection":[{"href":"https:\/\/imarketsb.com\/pt-br\/wp-json\/wp\/v2\/pages"}],"about":[{"href":"https:\/\/imarketsb.com\/pt-br\/wp-json\/wp\/v2\/types\/page"}],"author":[{"embeddable":true,"href":"https:\/\/imarketsb.com\/pt-br\/wp-json\/wp\/v2\/users\/1"}],"replies":[{"embeddable":true,"href":"https:\/\/imarketsb.com\/pt-br\/wp-json\/wp\/v2\/comments?post=253"}],"version-history":[{"count":14,"href":"https:\/\/imarketsb.com\/pt-br\/wp-json\/wp\/v2\/pages\/253\/revisions"}],"predecessor-version":[{"id":1003,"href":"https:\/\/imarketsb.com\/pt-br\/wp-json\/wp\/v2\/pages\/253\/revisions\/1003"}],"wp:attachment":[{"href":"https:\/\/imarketsb.com\/pt-br\/wp-json\/wp\/v2\/media?parent=253"}],"curies":[{"name":"wp","href":"https:\/\/api.w.org\/{rel}","templated":true}]}}