{"id":276,"date":"2022-06-02T10:02:05","date_gmt":"2022-06-02T08:02:05","guid":{"rendered":"https:\/\/imarketsb.com\/bonus-e-promocoes-leovegas-no-leovegas-casino-experiencias\/"},"modified":"2022-09-06T18:09:32","modified_gmt":"2022-09-06T16:09:32","slug":"bonus-e-promocoes","status":"publish","type":"page","link":"https:\/\/imarketsb.com\/pt-br\/bonus-e-promocoes\/","title":{"rendered":"B\u00f4nus e promo\u00e7\u00f5es LeoVegas no LeoVegas Casino &#8211; Experi\u00eancias"},"content":{"rendered":"\n<h2>B\u00f4nus para novos clientes e clientes existentes em maio de 2022<\/h2>\n\n\n<div class=\"wp-block-image\">\n<figure class=\"aligncenter size-full is-resized\"><img loading=\"lazy\" src=\"http:\/\/imarketsb.com\/wp-content\/uploads\/2022\/08\/leovegas-website.png\" alt=\"bonus\" class=\"wp-image-738\" width=\"703\" height=\"483\" srcset=\"https:\/\/imarketsb.com\/wp-content\/uploads\/2022\/08\/leovegas-website.png 937w, https:\/\/imarketsb.com\/wp-content\/uploads\/2022\/08\/leovegas-website-300x206.png 300w, https:\/\/imarketsb.com\/wp-content\/uploads\/2022\/08\/leovegas-website-768x528.png 768w, https:\/\/imarketsb.com\/wp-content\/uploads\/2022\/08\/leovegas-website-220x150.png 220w\" sizes=\"(max-width: 703px) 100vw, 703px\" \/><figcaption>B\u00f4nus LeoVegas para dep\u00f3sito em maio de 2022<\/figcaption><\/figure><\/div>\n\n\n<p>LeoVegas \u00e9 um provedor conhecido que oferece cerca de 1800 m\u00e1quinas ca\u00e7a-n\u00edqueis em seu cassino online. O cliente pode encontrar em oferta v\u00e1rios dos melhores jogos de fornecedores conhecidos, como a NetEnt. Mas isso n\u00e3o \u00e9 tudo. V\u00e1rias ofertas de b\u00f4nus s\u00e3o apresentadas para sua divers\u00e3o! Consulte o \u00edndice, mas tamb\u00e9m recomendamos a leitura deste artigo para obter as informa\u00e7\u00f5es mais importantes sobre o b\u00f4nus e o c\u00f3digo de b\u00f4nus.<\/p>\n\n\n\n<p>O provedor de apostas LeoVegas Casino e apostas esportivas tem um amplo programa de b\u00f4nus. O cliente est\u00e1 particularmente satisfeito porque no pacote de boas-vindas voc\u00ea pode receber um b\u00f4nus para jogos de cassino, jogos de cassino ao vivo e apostas esportivas. Gostar\u00edamos de falar em detalhes sobre o programa e b\u00f4nus neste artigo.<\/p>\n\n\n\n<h2>O que s\u00e3o ofertas de cassino online e como os jogadores se beneficiam delas?<\/h2>\n\n\n\n<p>Nesta p\u00e1gina, analisamos as ofertas da LeoVegas e informamos sobre seus benef\u00edcios.<\/p>\n\n\n\n<p>Com o aumento do n\u00famero de cassinos online nos dias de hoje, as ofertas e promo\u00e7\u00f5es est\u00e3o se tornando cada vez mais inovadoras. E a melhor parte \u00e9 que eles costumam ter as vantagens certas para os jogadores tamb\u00e9m, como no Leo Vegas Casino .<\/p>\n\n\n\n<p>Por exemplo, as ofertas no LeoVegas podem ser recorrentes semanalmente, como rodadas gr\u00e1tis em um dia espec\u00edfico, sazonais, como promo\u00e7\u00f5es de Halloween, bem como promo\u00e7\u00f5es de Natal ou outras explos\u00f5es individuais.<\/p>\n\n\n\n<h2>B\u00f4nus de Dep\u00f3sito &#8211; B\u00f4nus Leo Vegas<\/h2>\n\n\n\n<p>Os b\u00f4nus de dep\u00f3sito s\u00e3o uma das formas mais comuns de promo\u00e7\u00e3o que a LeoVegas tem a oferecer. Os b\u00f4nus geralmente s\u00e3o concedidos imediatamente no primeiro dep\u00f3sito. Isso tamb\u00e9m \u00e9 conhecido como b\u00f4nus de boas-vindas. O mais comum desses b\u00f4nus de boas-vindas \u00e9 um b\u00f4nus de 100% at\u00e9 um determinado valor. <\/p>\n\n\n\n<p>O dep\u00f3sito m\u00ednimo para receber o b\u00f4nus LeoVegas geralmente \u00e9 de \u20ac 20. <\/p>\n\n\n\n<h3><strong>Como \u00e9 no Cassino LeoVegas? Como b\u00f4nus de boas-vindas, voc\u00ea pode receber 3 b\u00f4nus:<\/strong><\/h3>\n\n\n<div class=\"wp-block-image\">\n<figure class=\"aligncenter size-full\"><img loading=\"lazy\" width=\"554\" height=\"246\" src=\"http:\/\/imarketsb.com\/wp-content\/uploads\/2022\/05\/leo-vegas-bonuses.png\" alt=\"B\u00f4nus LeoVegas por depositar na Alemanha\" class=\"wp-image-171\" srcset=\"https:\/\/imarketsb.com\/wp-content\/uploads\/2022\/05\/leo-vegas-bonuses.png 554w, https:\/\/imarketsb.com\/wp-content\/uploads\/2022\/05\/leo-vegas-bonuses-300x133.png 300w\" sizes=\"(max-width: 554px) 100vw, 554px\" \/><figcaption>B\u00f4nus LeoVegas por depositar na Alemanha<\/figcaption><\/figure><\/div>\n\n\n<ol><li>O cassino tem um b\u00f4nus de boas-vindas: s\u00e3o 4 b\u00f4nus de dep\u00f3sito + 200 rodadas gr\u00e1tis! Nenhum c\u00f3digo de b\u00f4nus \u00e9 necess\u00e1rio aqui.<\/li><li>Oferta de b\u00f4nus de cassino ao vivo. S\u00e3o 3 pacotes de b\u00f4nus LeoVegas com um valor total de 250\u20ac. Na verdade, voc\u00ea pode obter um b\u00f4nus de at\u00e9 500 euros na \u00e1rea do cassino ao vivo se garantir todos os tr\u00eas pacotes no cassino. <\/li><li>B\u00f4nus de apostas esportivas LeoVegas. 2x b\u00f4nus de 50% como uma nova oferta ao cliente! As apostas desportivas Leo Vegas oferecem-lhe um aumento de ganhos at\u00e9 100\u20ac duas vezes! <\/li><\/ol>\n\n\n\n<p>Os b\u00f4nus de dep\u00f3sito na LeoVegas sempre v\u00eam com requisitos de resgate. Isso significa que o valor do b\u00f4nus que voc\u00ea recebe requer uma rotatividade. A nova oferta para clientes da LeoVegas exige uma aposta m\u00ednima de 20 vezes o dinheiro real antes de resgatar e pagar o valor oferecido.<\/p>\n\n\n\n<p>Por exemplo, se fizer um dep\u00f3sito m\u00ednimo de 20\u20ac e receber um b\u00f3nus de 20\u20ac quando o requisito de aposta for 20\u20ac, deve apostar um total de 400\u20ac nos jogos antes de poder levantar o dinheiro ganho com os b\u00f3nus. <\/p>\n\n\n\n<p>Esses requisitos de apostas ser\u00e3o acompanhados por outras restri\u00e7\u00f5es de tempo. Eles normalmente devem ser conclu\u00eddos dentro de sete dias ou um m\u00eas. Lembre-se sempre de ler os termos e condi\u00e7\u00f5es do b\u00f4nus antes de fazer um dep\u00f3sito. Na Leovegas voc\u00ea tem 14 dias para apostar.<\/p>\n\n\n\n<p>\u00c0s vezes, a obriga\u00e7\u00e3o de reembolso tamb\u00e9m pode ser aplicada ao valor depositado. Neste exemplo, isso significaria que voc\u00ea teria que apostar um dep\u00f3sito de \u20ac 20 e um b\u00f4nus de \u20ac 20 20 vezes cada, para uma aposta total de \u20ac 800.<\/p>\n\n\n\n<h2>O que s\u00e3o rodadas gr\u00e1tis? Rodadas gr\u00e1tis LeoVegas<\/h2>\n\n\n\n<p>As rodadas gr\u00e1tis s\u00e3o parte integrante das boas-vindas e de outras promo\u00e7\u00f5es oferecidas pelos cassinos online. Existem muitas maneiras de obter rodadas gr\u00e1tis no Leo Vegas, inclusive no pr\u00f3prio ca\u00e7a-n\u00edqueis.<\/p>\n\n\n\n<p>As rodadas gr\u00e1tis podem ser resgatadas sem dep\u00f3sito, como b\u00f4nus ap\u00f3s o dep\u00f3sito, ao jogar ca\u00e7a-n\u00edqueis e como pr\u00eamio em v\u00e1rios sorteios, torneios e torneios. Atualmente, a LeoVegas oferece rodadas gr\u00e1tis para seus jogadores todos os dias. <\/p>\n\n\n\n<p><strong>Com o b\u00f4nus de novo cliente LeoVegas, voc\u00ea recebe 200 rodadas gr\u00e1tis<\/strong> nos ca\u00e7a-n\u00edqueis Book of Dead, John Hunter and the Tomb of the Scarab Queen, Fire Joker e Wolf Gold. A parte de rodadas gr\u00e1tis dos pacotes se aplica apenas a dep\u00f3sitos de pelo menos \u20ac 25. Ap\u00f3s um dep\u00f3sito m\u00ednimo bem-sucedido, as rodadas gr\u00e1tis s\u00e3o creditadas diretamente no respectivo jogo e devem ser usadas dentro de 3 dias. As rodadas gr\u00e1tis tamb\u00e9m est\u00e3o sujeitas a todos os requisitos de apostas. Leia os Termos e Condi\u00e7\u00f5es.<\/p>\n\n\n\n<h3>Rodadas gr\u00e1tis como um b\u00f4nus popular<\/h3>\n\n\n\n<p>Essas rodadas gr\u00e1tis s\u00e3o a segunda oferta mais popular depois dos b\u00f4nus de dep\u00f3sito \u2013 e provavelmente a mais popular entre os jogadores da LeoVegas.<\/p>\n\n\n\n<p>As rodadas gr\u00e1tis, como o nome sugere, s\u00e3o rodadas gr\u00e1tis em m\u00e1quinas ca\u00e7a-n\u00edqueis. Eles tamb\u00e9m s\u00e3o distribu\u00eddos em um b\u00f4nus de boas-vindas m\u00faltiplo. Por exemplo, o cassino online LeoVegas oferece at\u00e9 200 rodadas gr\u00e1tis em seu b\u00f4nus de novo cliente LeoVegas.<\/p>\n\n\n\n<p>Se houver um requisito de aposta nos ganhos de rodadas gr\u00e1tis, isso \u00e9 calculado da mesma forma que uma aposta de b\u00f4nus de dep\u00f3sito, mas com base nos ganhos que voc\u00ea fez com suas rodadas gr\u00e1tis. <\/p>\n\n\n\n<p>Por exemplo, se voc\u00ea ganhar \u20ac 10 e o requisito de aposta for \u20ac 20, voc\u00ea deve apostar um total de \u20ac 200 antes de poder sacar seus ganhos de b\u00f4nus. Claro, isso n\u00e3o significa que voc\u00ea deve perder esses 200 euros, mas voc\u00ea joga com esse valor. Voc\u00ea tamb\u00e9m pode obter lucro extra neste site!<\/p>\n\n\n\n<h2>B\u00f4nus de boas-vindas: uma maneira de dizer boas-vindas de cassino online<\/h2>\n\n\n\n<p>O cassino atualiza seus benef\u00edcios de boas-vindas com um feed constante, pois a competi\u00e7\u00e3o entre eles \u00e9 acirrada e milhares de euros em fundos de b\u00f4nus est\u00e3o sendo distribu\u00eddos.<\/p>\n\n\n\n<p>O n\u00famero de rodadas gr\u00e1tis tamb\u00e9m varia de cassino para cassino, mas em muitos casos os jogadores recebem rodadas de dezenas a centenas de pistas.<\/p>\n\n\n\n<p>Os provedores online oferecem aos seus jogadores uma ampla variedade de b\u00f4nus de boas-vindas. Em muitos casos, esse b\u00f4nus consiste em b\u00f4nus de dep\u00f3sito e, em algumas situa\u00e7\u00f5es, rodadas gr\u00e1tis, como na LeoVegas.<\/p>\n\n\n\n<p>Alguns cassinos querem empacotar o saldo de b\u00f4nus certo e oferecer aos jogadores algo extra, al\u00e9m de b\u00f4nus e rodadas, para novos clientes criarem uma primeira imagem melhor.<\/p>\n\n\n\n<p>O b\u00f4nus de boas-vindas \u00e9 a principal vantagem do Leovegas, pois d\u00e1 ao jogador uma certa imagem do cassino. Com essa vantagem, os cassinos se esfor\u00e7am para permitir relacionamentos duradouros e de longo prazo com os clientes. O provedor online Leovegas faz isso muito bem, porque aqui voc\u00ea recebe o b\u00f4nus para todos os gostos. Voc\u00ea gosta de jogos de cassino? Cassino ao vivo? apostas esportivas? Escolha o b\u00f4nus certo para voc\u00ea.<\/p>\n\n\n\n<h3>B\u00f4nus para novos clientes no cassino<\/h3>\n\n\n<div class=\"wp-block-image\">\n<figure class=\"aligncenter size-full\"><img loading=\"lazy\" width=\"557\" height=\"252\" src=\"http:\/\/imarketsb.com\/wp-content\/uploads\/2022\/05\/leo-vegas-bonus-code.png\" alt=\"B\u00f4nus de dep\u00f3sito LeoVegas para clientes rec\u00e9m-registrados\" class=\"wp-image-175\" srcset=\"https:\/\/imarketsb.com\/wp-content\/uploads\/2022\/05\/leo-vegas-bonus-code.png 557w, https:\/\/imarketsb.com\/wp-content\/uploads\/2022\/05\/leo-vegas-bonus-code-300x136.png 300w\" sizes=\"(max-width: 557px) 100vw, 557px\" \/><figcaption>B\u00f4nus de dep\u00f3sito LeoVegas para clientes rec\u00e9m-registrados<\/figcaption><\/figure><\/div>\n\n\n<p>O que voc\u00ea ganha como oferta de boas-vindas na Leovegas?<\/p>\n\n\n\n<ul><li>Estes s\u00e3o 4 b\u00f4nus de dep\u00f3sito, ou seja, cr\u00e9ditos de b\u00f4nus para os primeiros 4 dep\u00f3sitos<\/li><li>At\u00e9 \u20ac 1.000 (b\u00f4nus em dinheiro real)<\/li><li>200 Giros Gr\u00e1tis LeoVegas adicionais ( <strong>a partir de um dep\u00f3sito m\u00ednimo de \u20ac 25<\/strong> )<\/li><li>Voc\u00ea ganha rodadas gr\u00e1tis nos ca\u00e7a-n\u00edqueis <strong>Book of Dead<\/strong> , <strong>John Hunter and the Tomb of the Scarab Queen<\/strong> , <strong>Fire Joker<\/strong> e <strong>Wolf Gold<\/strong><\/li><\/ul>\n\n\n\n<p>Voc\u00ea pode ler os requisitos de apostas detalhados no site, mas o mais importante \u00e9 saber como os primeiros dep\u00f3sitos seguem um ap\u00f3s o outro:<\/p>\n\n\n\n<p>1) Deposite at\u00e9 \u20ac 250 + 50 rodadas gr\u00e1tis no Book of Dead<\/p>\n\n\n\n<p>2) Deposite at\u00e9 \u20ac 250 + 50 rodadas gr\u00e1tis para John Hunter<\/p>\n\n\n\n<p>3) At\u00e9 \u20ac 250 + 50 rodadas gr\u00e1tis no Fire Joker<\/p>\n\n\n\n<p>4) At\u00e9 \u20ac 250 + 50 rodadas gr\u00e1tis no Wolf Gold<\/p>\n\n\n\n<p>Descubra quanto voc\u00ea pode obter com exemplos na se\u00e7\u00e3o de ofertas.<\/p>\n\n\n\n<h3>B\u00f4nus para novos clientes no cassino ao vivo<\/h3>\n\n\n<div class=\"wp-block-image\">\n<figure class=\"aligncenter size-full\"><img loading=\"lazy\" width=\"551\" height=\"243\" src=\"http:\/\/imarketsb.com\/wp-content\/uploads\/2022\/08\/live-casino-3.png\" alt=\"live\" class=\"wp-image-743\" srcset=\"https:\/\/imarketsb.com\/wp-content\/uploads\/2022\/08\/live-casino-3.png 551w, https:\/\/imarketsb.com\/wp-content\/uploads\/2022\/08\/live-casino-3-300x132.png 300w\" sizes=\"(max-width: 551px) 100vw, 551px\" \/><figcaption>C\u00f3digo de b\u00f4nus LeoVegas n\u00e3o obrigat\u00f3rio<\/figcaption><\/figure><\/div>\n\n\n<p>At\u00e9 500 euros para seus jogos com dealer ao vivo como b\u00f4nus LeoVegas! Os clientes podem retirar o b\u00f4nus como dinheiro real assim que o valor do b\u00f4nus for apostado.<\/p>\n\n\n\n<p>Este \u00e9 um b\u00f4nus de 3 pacotes de 500 euros extra. Todos os 3 pacotes de oferta seguem um ap\u00f3s o outro e devem ser desbloqueados. O primeiro b\u00f4nus &#8211; 100 euros, o segundo &#8211; 150 e o terceiro &#8211; 250 euros.<\/p>\n\n\n\n<p>Aqui o requisito de aposta \u00e9 um pouco demais: 75x.<\/p>\n\n\n\n<p>Esta nova oferta de cliente n\u00e3o est\u00e1 dispon\u00edvel para dep\u00f3sitos via Skrill e Neteller.<\/p>\n\n\n\n<h3>B\u00f4nus para novos clientes em apostas esportivas<\/h3>\n\n\n<div class=\"wp-block-image\">\n<figure class=\"aligncenter size-full\"><img loading=\"lazy\" width=\"555\" height=\"245\" src=\"http:\/\/imarketsb.com\/wp-content\/uploads\/2022\/05\/leovegas-bonus-code.png\" alt=\"B\u00f4nus LeoVegas para apostas esportivas e apostas ao vivo\" class=\"wp-image-183\" srcset=\"https:\/\/imarketsb.com\/wp-content\/uploads\/2022\/05\/leovegas-bonus-code.png 555w, https:\/\/imarketsb.com\/wp-content\/uploads\/2022\/05\/leovegas-bonus-code-300x132.png 300w\" sizes=\"(max-width: 555px) 100vw, 555px\" \/><figcaption>B\u00f4nus LeoVegas para apostas esportivas e apostas ao vivo<\/figcaption><\/figure><\/div>\n\n\n<p>O provedor de apostas LeoVegas oferece 2x 50% de aumento de lucro at\u00e9 100 euros como b\u00f4nus para novos clientes no departamento de esportes. Assim, voc\u00ea pode garantir at\u00e9 100\u20ac de b\u00f4nus de lucro duas vezes! Voc\u00ea mesmo pode escolher o esporte: futebol, t\u00eanis, basquete, h\u00f3quei no gelo, v\u00f4lei, handebol, futebol americano, dardos, e-sports, boxe, automobilismo, pol\u00edtica, rugby, UFC\/MMA, esportes de inverno &#8211; LeoVegas tem tudo o que voc\u00ea precisa . O dep\u00f3sito m\u00ednimo para este b\u00f4nus \u00e9 de 10 euros. As condi\u00e7\u00f5es gerais podem ser lidas na p\u00e1gina de b\u00f4nus do provedor.<\/p>\n\n\n\n<h2>Ofertas para grandes vit\u00f3rias<\/h2>\n\n\n\n<p>As promo\u00e7\u00f5es referem-se a todas as promo\u00e7\u00f5es oferecidas pelos casinos online ap\u00f3s este b\u00f3nus de boas-vindas.<\/p>\n\n\n\n<p>As ofertas podem ser sazonais ou regulares. Os jogadores podem se beneficiar disso na forma de rodadas gr\u00e1tis, b\u00f4nus de dep\u00f3sito ou dinheiro, por exemplo.<\/p>\n\n\n\n<p>As promo\u00e7\u00f5es regulares referem-se a promo\u00e7\u00f5es que o casino oferece aos seus jogadores, por exemplo, repetidas todas as semanas. As ofertas sazonais, por outro lado, concentram-se em um per\u00edodo espec\u00edfico de tempo. Feriados como o Natal ou a P\u00e1scoa s\u00e3o bons momentos para encontrar ofertas especiais. Nesse caso, quase todos os cassinos oferecem aos seus jogadores melhores vantagens do que qualquer outro.<\/p>\n\n\n\n<h3>Rodadas gr\u00e1tis de fim de semana<\/h3>\n\n\n\n<p>Este \u00e9 um b\u00f4nus para o anivers\u00e1rio de 10 anos da LeoVegas. Todo fim de semana voc\u00ea tem a op\u00e7\u00e3o de obter 30 rodadas gr\u00e1tis extras. O valor que voc\u00ea deposita determina o valor das rodadas gr\u00e1tis que voc\u00ea recebe. O dep\u00f3sito m\u00ednimo deve ser de 30 euros. Ent\u00e3o voc\u00ea deve implementar o valor uma vez, imediatamente depois voc\u00ea recebe rodadas gr\u00e1tis para LeoVegas Cluster Gems, Iron Bank e Book of Destiny.<\/p>\n\n\n\n<h3>B\u00f4nus Roleta LeoVegas &#8211; Black Friday<\/h3>\n\n\n\n<p>Toda sexta-feira voc\u00ea pode desbloquear fichas gr\u00e1tis na LeoVegas. N\u00e3o \u00e9 muito f\u00e1cil, mas se voc\u00ea ler os termos com aten\u00e7\u00e3o, poder\u00e1 faz\u00ea-lo facilmente. A oferta est\u00e1 dispon\u00edvel na LeoVegas Live Roulette, Exclusive Live Roulette e Leo Roulette Show dos jogos Evolution.<\/p>\n\n\n\n<p>Os clientes podem ganhar fichas gr\u00e1tis se jogarem qualquer um dos jogos mencionados durante a promo\u00e7\u00e3o e ganharem 5 vezes no preto. Assim que ganhar 5 vezes no preto, recebe 5\u20ac em fichas gr\u00e1tis. Voc\u00ea deve jogar pelo menos \u20ac 5 no provedor para participar da promo\u00e7\u00e3o.<\/p>\n\n\n\n<p>Voc\u00ea pode encontrar mais promo\u00e7\u00f5es do programa de b\u00f4nus no site oficial. N\u00e3o perca nenhuma oferta! Existem muitos deles.<\/p>\n\n\n\n<h3>programa VIP<\/h3>\n\n\n<div class=\"wp-block-image\">\n<figure class=\"aligncenter size-full\"><img loading=\"lazy\" width=\"558\" height=\"252\" src=\"http:\/\/imarketsb.com\/wp-content\/uploads\/2022\/05\/leovegas-bonuscode.png\" alt=\"B\u00f4nus para dep\u00f3sito em cada n\u00edvel do programa VIP para clientes existentes\" class=\"wp-image-187\" srcset=\"https:\/\/imarketsb.com\/wp-content\/uploads\/2022\/05\/leovegas-bonuscode.png 558w, https:\/\/imarketsb.com\/wp-content\/uploads\/2022\/05\/leovegas-bonuscode-300x135.png 300w\" sizes=\"(max-width: 558px) 100vw, 558px\" \/><figcaption>B\u00f4nus para dep\u00f3sito em cada n\u00edvel do programa VIP para clientes existentes<\/figcaption><\/figure><\/div>\n\n\n<p>LeoVegas VIP \u00e9 um programa para propor aventuras especiais, divers\u00e3o e entretenimento aos clientes existentes &#8211; como VIP voc\u00ea ganha um gerente de servi\u00e7o pessoal, \u00f3timas promo\u00e7\u00f5es. Cada n\u00edvel do programa VIP hospeda presentes.<\/p>\n\n\n\n<p>Voc\u00ea sempre pode verificar seu n\u00edvel VIP. Cada aposta e jogo a dinheiro real d\u00e1-te pontos no Clube VIP, que podes ver imediatamente no perfil. <\/p>\n\n\n\n<p>A participa\u00e7\u00e3o come\u00e7a com a inscri\u00e7\u00e3o.<\/p>\n\n\n\n<h3>N\u00e3o quer um b\u00f4nus? N\u00e3o se preocupe, isso tamb\u00e9m \u00e9 poss\u00edvel<\/h3>\n\n\n\n<p>Em algumas situa\u00e7\u00f5es, a solu\u00e7\u00e3o mais sensata \u00e9 n\u00e3o resgatar o b\u00f4nus. O uso do b\u00f4nus n\u00e3o \u00e9 obrigat\u00f3rio.<\/p>\n\n\n\n<p>Tais situa\u00e7\u00f5es s\u00e3o, por exemplo, onde os requisitos de reciclagem para o benef\u00edcio s\u00e3o altos (50 vezes ou mais). Mas n\u00e3o \u00e9 o nosso caso.<\/p>\n\n\n\n<p>Nessas situa\u00e7\u00f5es, a solu\u00e7\u00e3o mais sensata \u00e9 n\u00e3o resgatar o b\u00f4nus e apenas jogar com o dinheiro depositado. Desta forma, voc\u00ea pode manter os ganhos que fizer para si mesmo. Mais e mais cassinos est\u00e3o oferecendo b\u00f4nus gr\u00e1tis. Isso significa que voc\u00ea recebe todos os ganhos de b\u00f4nus instantaneamente. No entanto, estes podem incluir um pagamento m\u00e1ximo.<\/p>\n\n\n\n<h3>Por que os cassinos oferecem b\u00f4nus sem dep\u00f3sito?<\/h3>\n\n\n<div class=\"wp-block-image\">\n<figure class=\"aligncenter size-full\"><img loading=\"lazy\" width=\"552\" height=\"243\" src=\"http:\/\/imarketsb.com\/wp-content\/uploads\/2022\/05\/leo-vegas-casino-bonus.png\" alt=\"B\u00f4nus de maio de 2022 na LeoVegas. Objetivo - Grandes vit\u00f3rias\" class=\"wp-image-191\" srcset=\"https:\/\/imarketsb.com\/wp-content\/uploads\/2022\/05\/leo-vegas-casino-bonus.png 552w, https:\/\/imarketsb.com\/wp-content\/uploads\/2022\/05\/leo-vegas-casino-bonus-300x132.png 300w\" sizes=\"(max-width: 552px) 100vw, 552px\" \/><figcaption>B\u00f4nus de maio de 2022 na LeoVegas. Objetivo &#8211; Grandes vit\u00f3rias<\/figcaption><\/figure><\/div>\n\n\n<p>Existem v\u00e1rias raz\u00f5es pelas quais nenhum b\u00f4nus de dep\u00f3sito est\u00e1 dispon\u00edvel e oferecido. Normalmente, os cassinos querem oferecer a oportunidade de experimentar a funcionalidade do site e seus jogos gratuitamente. <\/p>\n\n\n\n<p>Ao fazer isso, eles tamb\u00e9m se esfor\u00e7am para manter os jogadores envolvidos para que possam continuar voltando. \u00c0s vezes, dinheiro virtual gr\u00e1tis est\u00e1 dispon\u00edvel para ocasi\u00f5es especiais como Natal e P\u00e1scoa. <\/p>\n\n\n\n<p>Tamb\u00e9m n\u00e3o \u00e9 incomum que um cassino surpreenda os jogadores em seu pr\u00f3prio anivers\u00e1rio, oferecendo uma experi\u00eancia de jogo gratuita em homenagem ao feriado. O b\u00f4nus de cassino gr\u00e1tis \u00e9 uma das melhores op\u00e7\u00f5es para oferecer a oportunidade de experimentar a sele\u00e7\u00e3o de jogos e a funcionalidade do cassino sem que o jogador tenha que investir dinheiro.<\/p>\n\n\n\n<h2>J\u00e1 escolheu seu b\u00f4nus? Como abrir uma conta de jogo na LeoVegas<\/h2>\n\n\n\n<ol><li>Verifique os requisitos do LeoVegas Casino, como: B. o limite de idade e a opera\u00e7\u00e3o do cassino na \u00c1ustria ou na Alemanha. Tamb\u00e9m \u00e9 importante verificar qual licen\u00e7a de pa\u00eds pode ser encontrada no cassino.<\/li><li>Confira o processo de registro do cassino online. O registro no LeoCasino \u00e9 gratuito e r\u00e1pido. Voc\u00ea n\u00e3o precisa de um c\u00f3digo de b\u00f4nus LeoVegas para reivindicar um b\u00f4nus de primeiro dep\u00f3sito.<\/li><li>Registre-se.<\/li><li>Aproveite o b\u00f4nus de boas-vindas.<\/li><li>Envie informa\u00e7\u00f5es de contato. Para verificar sua conta de jogo, voc\u00ea precisa fornecer ao cassino certos documentos ap\u00f3s o registro. Esse processo \u00e9 mais conhecido como processo KYC ou Know Your Customer. O cassino exige documentos para evitar roubo de identidade e outros tipos de ass\u00e9dio.<\/li><li>Verifique se um e-mail ou SMS de confirma\u00e7\u00e3o foi enviado para voc\u00ea.<\/li><li>Depois de verificar sua conta, escolha seu m\u00e9todo de dep\u00f3sito preferido e fa\u00e7a um dep\u00f3sito. <\/li><li>Escolha seu b\u00f4nus de boas-vindas no LeoVegas Bonus.<\/li><li>Escolha uma m\u00e1quina ca\u00e7a-n\u00edqueis e comece a jogar.<\/li><\/ol>\n\n\n\n<h2>Conclus\u00e3o sobre o b\u00f4nus LeoVegas<\/h2>\n\n\n\n<p>O b\u00f4nus LeoVegas est\u00e1 dispon\u00edvel para todos os clientes. Voc\u00ea pode escolher v\u00e1rios b\u00f4nus no programa de b\u00f4nus na Alemanha e na \u00c1ustria! Mas nunca se esque\u00e7a: o jogo pode ser viciante, voc\u00ea pode encontrar ajuda de organiza\u00e7\u00f5es relevantes. Jogue com responsabilidade no LeoVegas Casino e fa\u00e7a cada dep\u00f3sito com aten\u00e7\u00e3o. Isso ajudar\u00e1 voc\u00ea a encontrar a melhor maneira de jogar com o saldo de b\u00f4nus.<\/p>\n\n\n\n<p>Em nosso artigo, coletamos as informa\u00e7\u00f5es mais importantes, outras condi\u00e7\u00f5es do provedor podem ser encontradas no site oficial da LeoVegas.<\/p>\n","protected":false},"excerpt":{"rendered":"<p>B\u00f4nus para novos clientes e clientes existentes em maio de 2022 B\u00f4nus LeoVegas para dep\u00f3sito em maio de 2022 LeoVegas \u00e9 um provedor conhecido que oferece cerca de 1800 m\u00e1quinas ca\u00e7a-n\u00edqueis em seu cassino online. O cliente pode encontrar em oferta v\u00e1rios dos melhores jogos de fornecedores conhecidos, como a NetEnt. Mas isso n\u00e3o \u00e9 &hellip;<\/p>\n","protected":false},"author":1,"featured_media":0,"parent":0,"menu_order":0,"comment_status":"closed","ping_status":"closed","template":"","meta":[],"acf":[],"amp_enabled":true,"_links":{"self":[{"href":"https:\/\/imarketsb.com\/pt-br\/wp-json\/wp\/v2\/pages\/276"}],"collection":[{"href":"https:\/\/imarketsb.com\/pt-br\/wp-json\/wp\/v2\/pages"}],"about":[{"href":"https:\/\/imarketsb.com\/pt-br\/wp-json\/wp\/v2\/types\/page"}],"author":[{"embeddable":true,"href":"https:\/\/imarketsb.com\/pt-br\/wp-json\/wp\/v2\/users\/1"}],"replies":[{"embeddable":true,"href":"https:\/\/imarketsb.com\/pt-br\/wp-json\/wp\/v2\/comments?post=276"}],"version-history":[{"count":8,"href":"https:\/\/imarketsb.com\/pt-br\/wp-json\/wp\/v2\/pages\/276\/revisions"}],"predecessor-version":[{"id":896,"href":"https:\/\/imarketsb.com\/pt-br\/wp-json\/wp\/v2\/pages\/276\/revisions\/896"}],"wp:attachment":[{"href":"https:\/\/imarketsb.com\/pt-br\/wp-json\/wp\/v2\/media?parent=276"}],"curies":[{"name":"wp","href":"https:\/\/api.w.org\/{rel}","templated":true}]}}