{"id":279,"date":"2022-06-08T10:40:04","date_gmt":"2022-06-08T08:40:04","guid":{"rendered":"https:\/\/imarketsb.com\/pagamento-leo-vegas\/"},"modified":"2022-08-26T10:52:52","modified_gmt":"2022-08-26T08:52:52","slug":"pagamentos","status":"publish","type":"page","link":"https:\/\/imarketsb.com\/pt-br\/pagamentos\/","title":{"rendered":"Pagamento Leo Vegas"},"content":{"rendered":"\n<h2>Leo Vegas Casino e seus pagamentos r\u00e1pidos<\/h2>\n\n\n<div class=\"wp-block-image\">\n<figure class=\"aligncenter size-full\"><img loading=\"lazy\" width=\"937\" height=\"644\" src=\"http:\/\/imarketsb.com\/wp-content\/uploads\/2022\/08\/leovegas-website-1.png\" alt=\"website\" class=\"wp-image-780\" srcset=\"https:\/\/imarketsb.com\/wp-content\/uploads\/2022\/08\/leovegas-website-1.png 937w, https:\/\/imarketsb.com\/wp-content\/uploads\/2022\/08\/leovegas-website-1-300x206.png 300w, https:\/\/imarketsb.com\/wp-content\/uploads\/2022\/08\/leovegas-website-1-768x528.png 768w, https:\/\/imarketsb.com\/wp-content\/uploads\/2022\/08\/leovegas-website-1-220x150.png 220w\" sizes=\"(max-width: 937px) 100vw, 937px\" \/><figcaption>O site LeoVegas<\/figcaption><\/figure><\/div>\n\n\n<p>Os jogadores na Alemanha e na Europa conhecem o <a href=\"https:\/\/imarketsb.com\/pt-br\/\">Leo Vegas<\/a> como um cassino e apostas esportivas muito confi\u00e1vel e excelente, de acordo com as avalia\u00e7\u00f5es. A empresa oferece aos novos clientes um belo b\u00f4nus para registro e primeiro dep\u00f3sito. O b\u00f4nus de boas-vindas \u00e9 de 1000 euros e 200 rodadas gr\u00e1tis, o que ajuda todos os clientes a ganhar! Com este b\u00f4nus e primeiro dep\u00f3sito, a aventura come\u00e7a no LeoVegas Casino, onde voc\u00ea pode desfrutar da enorme variedade de jogos de azar. Neste artigo, gostar\u00edamos de compartilhar informa\u00e7\u00f5es detalhadas sobre o pagamento e o banco on-line na Leovegas.<\/p>\n\n\n\n<h2>M\u00e9todos de pagamento e vis\u00e3o geral do tempo de pagamento<\/h2>\n\n\n\n<p>Acima mencionamos que estudamos experi\u00eancias com cassinos Leo Vegas no exterior. Quando novos cassinos obt\u00eam uma licen\u00e7a, os m\u00e9todos de pagamento e o tempo de retirada s\u00e3o o ponto importante que precisamos verificar. Tamb\u00e9m verificamos o atendimento ao cliente \u2013 informando aos clientes \u201co que os outros usu\u00e1rios est\u00e3o dizendo sobre o LeoVegas Casino\u201d? Obviamente, algo a verificar ao fazer um dep\u00f3sito tamb\u00e9m \u00e9 a sele\u00e7\u00e3o de ofertas &#8211; b\u00f4nus, rodadas gr\u00e1tis e jogos de azar, mas escrevemos sobre isso em outras p\u00e1ginas do nosso site.<\/p>\n\n\n\n<h3>Verifica\u00e7\u00e3o da conta relacionada ao pagamento<\/h3>\n\n\n<div class=\"wp-block-image\">\n<figure class=\"aligncenter size-full\"><img loading=\"lazy\" width=\"465\" height=\"249\" src=\"http:\/\/imarketsb.com\/wp-content\/uploads\/2022\/08\/slots-6.png\" alt=\"slots\" class=\"wp-image-786\" srcset=\"https:\/\/imarketsb.com\/wp-content\/uploads\/2022\/08\/slots-6.png 465w, https:\/\/imarketsb.com\/wp-content\/uploads\/2022\/08\/slots-6-300x161.png 300w\" sizes=\"(max-width: 465px) 100vw, 465px\" \/><figcaption>Jogos dispon\u00edveis no Casino Leo Vegas<\/figcaption><\/figure><\/div>\n\n\n<p>Muitos clientes alem\u00e3es e austr\u00edacos da LeoVegas t\u00eam dificuldades para receber seu dinheiro de tempos em tempos. Uma olhada no Trustpilot revela isso. Isso acontece 19\/20 caso voc\u00ea n\u00e3o tenha verificado sua conta corretamente desde o in\u00edcio. Ou que voc\u00ea n\u00e3o leu as condi\u00e7\u00f5es &#8211; isso tamb\u00e9m pode ser um grupo de cabelos compridos. Aqui est\u00e3o algumas dicas:<\/p>\n\n\n\n<p>Se voc\u00ea, por exemplo, B. Se voc\u00ea precisar sacar seu dinheiro na LeoVegas, especialmente quantias maiores, ser\u00e1 solicitado que voc\u00ea se confirme como pessoa f\u00edsica. Isso se deve \u00e0 legisla\u00e7\u00e3o e ao combate \u00e0 lavagem de dinheiro. Portanto, n\u00e3o os pr\u00f3prios procedimentos do cassino. Portanto, \u00e9 uma boa ideia esclarecer essas coisas antes de fazer sua primeira retirada. Por exemplo, quando voc\u00ea cria sua conta LeoVegas. Comece verificando sua conta e enviando os documentos solicitados. Pode ser um documento de identidade, comprovante de endere\u00e7o ou comprova\u00e7\u00e3o de que voc\u00ea \u00e9 o propriet\u00e1rio da conta usada.<\/p>\n\n\n\n<p>Minha pr\u00f3pria experi\u00eancia pessoal com os pagamentos da LeoVegas nunca levantou um \u00fanico problema. Enviei uma foto do meu passaporte, capturas de tela da conta do PayPal com e-mail vis\u00edvel e uma c\u00f3pia de um recibo de aluguel antigo. 3 anos depois, fiz mais de 20 saques da LeoVegas sem nenhum problema.<\/p>\n\n\n\n<h2>Qual \u00e9 a melhor forma de pagamento no Leo Vegas? &#8211; Pagamento Leo Vegas<\/h2>\n\n\n\n<p>\u00c9 uma quest\u00e3o um tanto individual e depende principalmente de suas pr\u00f3prias necessidades. Se voc\u00ea estiver fazendo grandes dep\u00f3sitos e saques, provavelmente deve verificar a taxa. Aqui, por exemplo, eWallets, Visa ou Mastercard podem ser claramente prefer\u00edveis.<\/p>\n\n\n\n<p>Se voc\u00ea deseja separar seus jogos de cassino de sua conta pessoal, as carteiras eletr\u00f4nicas tamb\u00e9m podem ser prefer\u00edveis. Conheci muitos na ind\u00fastria que se beneficiam do jogo por quantias mensais fixas ou grandes. As pessoas que fizeram do cassino online um estilo de vida geralmente se referem a ele como uma conta corporativa \u2013 separada da conta pessoal.<\/p>\n\n\n\n<h2>Voc\u00ea tamb\u00e9m pode pagar ao provedor da maneira cl\u00e1ssica com Visa e Mastercard<\/h2>\n\n\n\n<p>O LeoVegas, como outros cassinos online respeit\u00e1veis, oferece v\u00e1rios m\u00e9todos de pagamento. Voc\u00ea deve estar ciente da taxa envolvida. Geralmente \u00e9 entre 2-3% da transa\u00e7\u00e3o e tamb\u00e9m pode ser vinculado \u00e0s suas retiradas do cassino. Alguns cassinos tamb\u00e9m oferecem o Visa Electron como op\u00e7\u00e3o de pagamento, mas n\u00e3o todos. Eu tamb\u00e9m diria que se voc\u00ea encontrar um cassino que n\u00e3o oferece Visa e Mastercard como m\u00e9todo de pagamento, voc\u00ea provavelmente deve ser cauteloso. Eu n\u00e3o tomaria isso como um sinal de seguran\u00e7a. Mas \u00e9 claro que n\u00e3o \u00e9 neg\u00f3cio da LeoVegas, todos os m\u00e9todos de pagamento profissionais s\u00e3o oferecidos aqui.<\/p>\n\n\n\n<p><em>No cassino online Leo Vegas voc\u00ea pode pagar usando os seguintes m\u00e9todos:<\/em><\/p>\n\n\n\n<ul><li>Cart\u00f5es Mastercard e Visa<\/li><li>Transfer\u00eancia banc\u00e1ria<\/li><li>Neteller, Skrill e Klarna<\/li><li>Imediatamente<\/li><li>muito melhor<\/li><li>Paysafecard<\/li><\/ul>\n\n\n<div class=\"wp-block-image\">\n<figure class=\"aligncenter size-full\"><img loading=\"lazy\" width=\"536\" height=\"63\" src=\"http:\/\/imarketsb.com\/wp-content\/uploads\/2022\/06\/leovegas-auszahlung.png\" alt=\"Pagamento Leo Vegas - O que est\u00e1 dispon\u00edvel?\" class=\"wp-image-219\" srcset=\"https:\/\/imarketsb.com\/wp-content\/uploads\/2022\/06\/leovegas-auszahlung.png 536w, https:\/\/imarketsb.com\/wp-content\/uploads\/2022\/06\/leovegas-auszahlung-300x35.png 300w\" sizes=\"(max-width: 536px) 100vw, 536px\" \/><figcaption>Pagamento Leo Vegas &#8211; O que est\u00e1 dispon\u00edvel?<\/figcaption><\/figure><\/div>\n\n\n<p>Os m\u00e9todos acima s\u00e3o os m\u00e9todos de pagamento mais comuns para saques em Leo Vegas. Eu acho que deve haver muitas op\u00e7\u00f5es dispon\u00edveis &#8211; caso contr\u00e1rio, eu hesitaria em criar um usu\u00e1rio. Na LeoVegas voc\u00ea pode sacar seu dinheiro com a op\u00e7\u00e3o mais segura.<\/p>\n\n\n\n<h3>Rodadas gr\u00e1tis para o primeiro dep\u00f3sito<\/h3>\n\n\n\n<p>Como eu disse, no primeiro valor voc\u00ea ganha um b\u00f4nus na LeoVegas. N\u00e3o importa qual m\u00e9todo de pagamento voc\u00ea use para fazer a transfer\u00eancia, voc\u00ea receber\u00e1 1.000 euros e 200 rodadas gr\u00e1tis para os primeiros quatro valores. O provedor de apostas tamb\u00e9m oferece brindes para apostas esportivas. Isso \u00e9 2 vezes at\u00e9 100 euros de aumento de lucro! O b\u00f4nus de apostas esportivas ajuda voc\u00ea com apostas lucrativas e esse b\u00f4nus tamb\u00e9m pode ser sacado ap\u00f3s o volume de neg\u00f3cios.<\/p>\n\n\n\n<h2><strong>dura\u00e7\u00e3o dos pagamentos<\/strong><\/h2>\n\n\n\n<p><a href=\"https:\/\/imarketsb.com\/pt-br\/\">A LeoVegas<\/a> quer garantir o pagamento mais r\u00e1pido. Pode levar at\u00e9 cinco dias a partir do momento em que voc\u00ea solicita um saque para ver seus ganhos em sua conta banc\u00e1ria. A dura\u00e7\u00e3o varia de acordo com a forma de pagamento.<\/p>\n\n\n\n<p>Ap\u00f3s solicitar seu saque Leo Vegas e o status mudar, o valor permanecer\u00e1 vis\u00edvel na p\u00e1gina de saque at\u00e9 que seja transferido pelo provedor. Isso tamb\u00e9m pode levar algum tempo porque depende de diferentes processos. \u00c0s vezes tamb\u00e9m do seu status de verifica\u00e7\u00e3o.<\/p>\n\n\n\n<h3>Saque ganhos e b\u00f4nus de rodadas gr\u00e1tis<\/h3>\n\n\n\n<p>a retirada do b\u00f4nus \u00e9 um pouco mais dif\u00edcil. Se voc\u00ea ganhar com as rodadas gr\u00e1tis ou com um b\u00f4nus, dever\u00e1 apostar pelo menos 35 vezes antes que o b\u00f4nus possa ser sacado como dinheiro real. Se voc\u00ea n\u00e3o implementar os termos antes de uma retirada, os ganhos ser\u00e3o perdidos. Leia os T&amp;Cs e os Termos de B\u00f4nus antes de jogar, \u00e9 aqui que come\u00e7a o jogo respons\u00e1vel.<\/p>\n\n\n\n<h3>Como realmente funciona o pagamento?<\/h3>\n\n\n\n<p>O provedor de apostas LeoVegas tornou o pagamento muito simples para seus clientes. Se voc\u00ea tiver fundos na conta do jogo e n\u00e3o tiver um b\u00f4nus ativo (qualquer b\u00f4nus deve ser apostado antes da transfer\u00eancia), voc\u00ea pode clicar em &#8220;Retirar&#8221;. A op\u00e7\u00e3o de pagamento selecionada deve ser a mesma que voc\u00ea escolheu para o \u00faltimo dep\u00f3sito.<\/p>\n\n\n\n<h2>Licen\u00e7a, Seguran\u00e7a e Processamento de Dados<\/h2>\n\n\n\n<ul><li>O cassino obteve uma licen\u00e7a europeia? Sim, Leo Vegas tem uma licen\u00e7a MGA. A licen\u00e7a tem o n\u00famero MGA\/CRP\/237\/2013 publicado em 1. agosto de 2018 <\/li><li>Como o cassino protege seus dados? Criptografia SSL<\/li><li>Eles atendem aos requisitos e regras de pagamento e requisitos e regras de rotatividade? Sim, claro, no site oficial voc\u00ea encontrar\u00e1 os requisitos de apostas detalhados do cassino.<\/li><li>Quais s\u00e3o suas experi\u00eancias com o provedor de jogos de azar em outros pa\u00edses? As experi\u00eancias s\u00e3o positivas em todo o mundo.<\/li><\/ul>\n\n\n\n<p>A seguran\u00e7a, transpar\u00eancia e comunica\u00e7\u00e3o dos casinos \u00e9 um elemento crucial. Os requisitos de b\u00f3nus n\u00e3o t\u00eam apenas de cumprir a legisla\u00e7\u00e3o em vigor &#8211; tamb\u00e9m t\u00eam de ficar claro o que o requisito implica: limite de tempo, v\u00e1rias restri\u00e7\u00f5es por m\u00e1quinas ca\u00e7a-n\u00edqueis ou casino ao vivo &#8211; e assim por diante. Da\u00ed o qu\u00e3o clara esta informa\u00e7\u00e3o \u00e9 para o usu\u00e1rio.<\/p>\n\n\n\n<p>A seguran\u00e7a do cassino online LeoVegas \u00e9 o primeiro passo no caminho! O jogo respons\u00e1vel tamb\u00e9m \u00e9 muito importante.<\/p>\n\n\n\n<h2>Fa\u00e7a login rapidamente com seu endere\u00e7o de e-mail<\/h2>\n\n\n<div class=\"wp-block-image\">\n<figure class=\"aligncenter size-full\"><img loading=\"lazy\" width=\"698\" height=\"612\" src=\"http:\/\/imarketsb.com\/wp-content\/uploads\/2022\/08\/login-9.png\" alt=\"login\" class=\"wp-image-791\" srcset=\"https:\/\/imarketsb.com\/wp-content\/uploads\/2022\/08\/login-9.png 698w, https:\/\/imarketsb.com\/wp-content\/uploads\/2022\/08\/login-9-300x263.png 300w\" sizes=\"(max-width: 698px) 100vw, 698px\" \/><figcaption>Conte\u00fado do cassino ap\u00f3s o login<\/figcaption><\/figure><\/div>\n\n\n<p>Para fazer dep\u00f3sitos e saques, voc\u00ea precisa criar uma conta. Os clientes encontrar\u00e3o os bot\u00f5es na p\u00e1gina que definitivamente lembrar\u00e3o &#8211; registre-se e fa\u00e7a login. Voc\u00ea sabe qual combina com voc\u00ea: se voc\u00ea ainda n\u00e3o tem uma conta no site, deve se registrar. Se voc\u00ea j\u00e1 se registrou, tudo o que voc\u00ea deve fazer &#8211; fa\u00e7a o login, imediatamente todos os b\u00f4nus, jogos e op\u00e7\u00f5es de retirada est\u00e3o dispon\u00edveis para voc\u00ea, sem exce\u00e7\u00e3o.<\/p>\n\n\n\n<h3>Verifica\u00e7\u00e3o para uma retirada r\u00e1pida do Leo Vegas<\/h3>\n\n\n\n<p>Ao fazer o primeiro dep\u00f3sito, voc\u00ea n\u00e3o precisa verificar os dados. Para um pagamento bem-sucedido, a verifica\u00e7\u00e3o \u00e9 solicitada pelo Casino LeoVegas. Aqui voc\u00ea precisa de um esfor\u00e7o extra, mas isso garante a retirada bem-sucedida e a curta dura\u00e7\u00e3o dela. Para este processo s\u00f3 precisa de um documento que comprove a sua personalidade. Pode ser carteira de identidade, passaporte, carteira de motorista. As instru\u00e7\u00f5es e informa\u00e7\u00f5es exatas podem fornecer suporte. Voc\u00ea carrega todos os documentos e pode continuar a jogar ou fazer apostas na \u00e1rea de apostas esportivas.<\/p>\n\n\n\n<h2>Pagamento do aplicativo<\/h2>\n\n\n<div class=\"wp-block-image\">\n<figure class=\"aligncenter size-large\"><img loading=\"lazy\" width=\"1024\" height=\"682\" src=\"http:\/\/imarketsb.com\/wp-content\/uploads\/2022\/08\/app-1-1024x682.jpg\" alt=\"app\" class=\"wp-image-796\" srcset=\"https:\/\/imarketsb.com\/wp-content\/uploads\/2022\/08\/app-1-1024x682.jpg 1024w, https:\/\/imarketsb.com\/wp-content\/uploads\/2022\/08\/app-1-300x200.jpg 300w, https:\/\/imarketsb.com\/wp-content\/uploads\/2022\/08\/app-1-768x512.jpg 768w, https:\/\/imarketsb.com\/wp-content\/uploads\/2022\/08\/app-1.jpg 1280w\" sizes=\"(max-width: 1024px) 100vw, 1024px\" \/><figcaption>Pagamento via aplicativo &#8211; nada dif\u00edcil<\/figcaption><\/figure><\/div>\n\n\n<p>Pagar pelo celular funciona t\u00e3o facilmente quanto todas as outras fun\u00e7\u00f5es que voc\u00ea pode acessar pelo aplicativo m\u00f3vel LeoVegas. Felizmente, o provedor otimizou muito bem seu site para todos os dispositivos.<\/p>\n\n\n\n<p>Na LeoVegas voc\u00ea tamb\u00e9m pode fazer dep\u00f3sitos diretamente do seu celular. A LeoVegas tamb\u00e9m oferece pagamentos instant\u00e2neos, por exemplo. Isso significa que voc\u00ea pode depositar dinheiro sem sair dos slots do seu celular. Esta \u00e9 uma vantagem significativa para os jogadores que preferem jogar seus slots favoritos em cassinos m\u00f3veis.<\/p>\n\n\n\n<h2>Atendimento ao cliente e ajuda com dep\u00f3sito e retirada<\/h2>\n\n\n\n<p>Quando voc\u00ea tem d\u00favidas, voc\u00ea precisa de uma resposta detalhada, n\u00e3o \u00e9? \u00c9 por isso que voc\u00ea precisa de um bom suporte ao cliente que possa lidar com qualquer consulta sobre qualquer t\u00f3pico e responder em detalhes. Por esse motivo, o provedor de apostas LeoVegas oferece um bate-papo ao vivo onde voc\u00ea sempre pode fazer perguntas.<\/p>\n\n\n\n<h3>Problemas de pagamento<\/h3>\n\n\n\n<p>Na maioria das vezes, quando voc\u00ea tem problemas com a retirada, n\u00e3o \u00e9 culpa da casa de apostas, mas algum erro de digita\u00e7\u00e3o ou falta de verifica\u00e7\u00e3o de identidade. Ap\u00f3s a transfer\u00eancia, verifique seu hist\u00f3rico e fa\u00e7a um extrato banc\u00e1rio, se necess\u00e1rio.<\/p>\n\n\n\n<h2>Conclus\u00e3o<\/h2>\n\n\n\n<p>Ent\u00e3o, para resumir neste artigo, pode-se dizer que n\u00e3o existem muitos m\u00e9todos de pagamento na LeoVegas, mas eles s\u00e3o definitivamente suficientes. O site aceita as op\u00e7\u00f5es de pagamento mais conhecidas, bem como transa\u00e7\u00f5es por cart\u00e3o de cr\u00e9dito, Klarna, transfer\u00eancia banc\u00e1ria e Paysafecard. As pessoas costumam perguntar sobre o PayPal, que \u00e9 um m\u00e9todo de pagamento bem conhecido, mas atualmente o Leo Vegas n\u00e3o oferece saques ou dep\u00f3sitos. Se voc\u00ea depositar via smartphone, parece o mesmo. A situa\u00e7\u00e3o \u00e9 semelhante para pagar com um smartphone, aqui tamb\u00e9m voc\u00ea pode pagar o valor usando os mesmos servi\u00e7os de pagamento.<\/p>\n\n\n\n<p>A quest\u00e3o da seguran\u00e7a n\u00e3o se coloca, pois a Leovegas, em particular, possui uma licen\u00e7a MGA e protege os dados com a ajuda de um certificado SSL de 20148 bits. H\u00e1 muita coisa acontecendo no mercado de cassinos e apostas esportivas nos dias de hoje para discutir a seguran\u00e7a do jogador e a LeoVegas faz todo tipo de coisa!<\/p>\n\n\n\n<p>Ent\u00e3o v\u00e1 em frente e fa\u00e7a um dep\u00f3sito, receba um b\u00f4nus e comece a jogar!<\/p>\n","protected":false},"excerpt":{"rendered":"<p>Leo Vegas Casino e seus pagamentos r\u00e1pidos O site LeoVegas Os jogadores na Alemanha e na Europa conhecem o Leo Vegas como um cassino e apostas esportivas muito confi\u00e1vel e excelente, de acordo com as avalia\u00e7\u00f5es. A empresa oferece aos novos clientes um belo b\u00f4nus para registro e primeiro dep\u00f3sito. O b\u00f4nus de boas-vindas \u00e9 &hellip;<\/p>\n","protected":false},"author":1,"featured_media":0,"parent":0,"menu_order":0,"comment_status":"closed","ping_status":"closed","template":"","meta":[],"acf":[],"amp_enabled":true,"_links":{"self":[{"href":"https:\/\/imarketsb.com\/pt-br\/wp-json\/wp\/v2\/pages\/279"}],"collection":[{"href":"https:\/\/imarketsb.com\/pt-br\/wp-json\/wp\/v2\/pages"}],"about":[{"href":"https:\/\/imarketsb.com\/pt-br\/wp-json\/wp\/v2\/types\/page"}],"author":[{"embeddable":true,"href":"https:\/\/imarketsb.com\/pt-br\/wp-json\/wp\/v2\/users\/1"}],"replies":[{"embeddable":true,"href":"https:\/\/imarketsb.com\/pt-br\/wp-json\/wp\/v2\/comments?post=279"}],"version-history":[{"count":7,"href":"https:\/\/imarketsb.com\/pt-br\/wp-json\/wp\/v2\/pages\/279\/revisions"}],"predecessor-version":[{"id":804,"href":"https:\/\/imarketsb.com\/pt-br\/wp-json\/wp\/v2\/pages\/279\/revisions\/804"}],"wp:attachment":[{"href":"https:\/\/imarketsb.com\/pt-br\/wp-json\/wp\/v2\/media?parent=279"}],"curies":[{"name":"wp","href":"https:\/\/api.w.org\/{rel}","templated":true}]}}